{"id":1733,"date":"2026-02-19T08:27:44","date_gmt":"2026-02-19T08:27:44","guid":{"rendered":"https:\/\/skaldhotel.is\/sagan-okkar\/"},"modified":"2026-05-02T15:26:32","modified_gmt":"2026-05-02T15:26:32","slug":"sagan-okkar","status":"publish","type":"page","link":"https:\/\/skaldhotel.is\/is\/sagan-okkar\/","title":{"rendered":"Sagan Okkar"},"content":{"rendered":"\t\t<div data-elementor-type=\"wp-page\" data-elementor-id=\"1733\" class=\"elementor elementor-1733 elementor-688\" data-elementor-post-type=\"page\">\n\t\t\t\t<div class=\"elementor-element elementor-element-f161250 e-con-full e-flex elementor-invisible e-con e-parent\" data-id=\"f161250\" data-element_type=\"container\" data-e-type=\"container\" data-settings=\"{&quot;background_background&quot;:&quot;classic&quot;,&quot;background_motion_fx_motion_fx_scrolling&quot;:&quot;yes&quot;,&quot;animation&quot;:&quot;fadeIn&quot;,&quot;background_motion_fx_devices&quot;:[&quot;desktop&quot;,&quot;tablet&quot;,&quot;mobile&quot;]}\">\n\t\t<div class=\"elementor-element elementor-element-318ba80 e-flex e-con-boxed e-con e-child\" data-id=\"318ba80\" data-element_type=\"container\" data-e-type=\"container\">\n\t\t\t\t\t<div class=\"e-con-inner\">\n\t\t\t\t<div class=\"elementor-element elementor-element-5a329a4 animated-slow elementor-invisible elementor-widget elementor-widget-heading\" data-id=\"5a329a4\" data-element_type=\"widget\" data-e-type=\"widget\" data-settings=\"{&quot;_animation&quot;:&quot;fadeInDown&quot;}\" data-widget_type=\"heading.default\">\n\t\t\t\t<div class=\"elementor-widget-container\">\n\t\t\t\t\t<h1 class=\"elementor-heading-title elementor-size-default\">SAGAN OKKKAR<\/h1>\t\t\t\t<\/div>\n\t\t\t\t<\/div>\n\t\t\t\t\t<\/div>\n\t\t\t\t<\/div>\n\t\t\t\t<\/div>\n\t\t<div class=\"elementor-element elementor-element-d22e2dc e-flex e-con-boxed e-con e-parent\" data-id=\"d22e2dc\" data-element_type=\"container\" data-e-type=\"container\" data-settings=\"{&quot;background_background&quot;:&quot;classic&quot;}\">\n\t\t\t\t\t<div class=\"e-con-inner\">\n\t\t<div class=\"elementor-element elementor-element-a742e19 e-con-full e-flex e-con e-child\" data-id=\"a742e19\" data-element_type=\"container\" data-e-type=\"container\">\n\t\t\t\t<div class=\"elementor-element elementor-element-4ce7c05 animated-slow elementor-view-default elementor-invisible elementor-widget elementor-widget-icon\" data-id=\"4ce7c05\" data-element_type=\"widget\" data-e-type=\"widget\" data-settings=\"{&quot;_animation&quot;:&quot;fadeInDown&quot;}\" data-widget_type=\"icon.default\">\n\t\t\t\t<div class=\"elementor-widget-container\">\n\t\t\t\t\t\t\t<div class=\"elementor-icon-wrapper\">\n\t\t\t<div class=\"elementor-icon\">\n\t\t\t<i aria-hidden=\"true\" class=\"phl phlight-book-open-text\"><\/i>\t\t\t<\/div>\n\t\t<\/div>\n\t\t\t\t\t\t<\/div>\n\t\t\t\t<\/div>\n\t\t\t\t<div class=\"elementor-element elementor-element-52cd76e animated-slow elementor-widget-mobile__width-inherit elementor-invisible elementor-widget elementor-widget-heading\" data-id=\"52cd76e\" data-element_type=\"widget\" data-e-type=\"widget\" data-settings=\"{&quot;_animation&quot;:&quot;fadeInDown&quot;,&quot;_animation_delay&quot;:100}\" data-widget_type=\"heading.default\">\n\t\t\t\t<div class=\"elementor-widget-container\">\n\t\t\t\t\t<h2 class=\"elementor-heading-title elementor-size-default\">R\u00f3tgr\u00f3i\u00f0 \u00ed b\u00f3kmenntum<\/h2>\t\t\t\t<\/div>\n\t\t\t\t<\/div>\n\t\t\t\t<div class=\"elementor-element elementor-element-1af6be5 elementor-widget-mobile__width-initial elementor-widget__width-initial animated-slow elementor-invisible elementor-widget elementor-widget-text-editor\" data-id=\"1af6be5\" data-element_type=\"widget\" data-e-type=\"widget\" data-settings=\"{&quot;_animation&quot;:&quot;fadeInDown&quot;}\" data-widget_type=\"text-editor.default\">\n\t\t\t\t<div class=\"elementor-widget-container\">\n\t\t\t\t\t\t\t\t\t<p>\u00c1 Sk\u00e1ld h\u00f3tel Akueyri eru b\u00f3kmenntir grunnurinn, sta\u00f0ur \u00fear sem lj\u00f3\u00f0, fr\u00e1sagnir og arfleif\u00f0\u00edslenskrar tungu og h\u00f6funda eru \u00ed \u00f6ndvegi.<\/p>\n<p>\u00cdslensk sagnahef\u00f0 hefur allt fr\u00e1 \u00fev\u00ed a\u00f0 land bygg\u00f0ist tengt okkur saman. Tungum\u00e1li\u00f0 m\u00f3tarhver vi\u00f0 erum og hverju vi\u00f0 tilheyrum. Vi\u00f0 nj\u00f3tum \u00feess a\u00f0 hlusta og lesa. \u00cd r\u00f6dd sk\u00e1ldsinsm\u00e6tum vi\u00f0 sj\u00e1lfum okkur. Lj\u00f3\u00f0 og b\u00f3kmenntir sk\u00e1ldanna gefa okkur r\u00f6dd. Vi\u00f0 n\u00fdtum lj\u00f3\u00f0in tila\u00f0 t\u00falka tilfinningar okkar og \u00fer\u00e1r. \u00cd fr\u00e1s\u00f6gnum \u00feeirra \u00feekkjum vi\u00f0 okkur sj\u00e1lf. \u00cd gegnumkynsl\u00f3\u00f0irnar hafa sk\u00e1ld styrkt og \u00f6gra\u00f0 okkur. \u00deau hafa vaki\u00f0 okkur til umhugsunar um l\u00edfi\u00f0og tilveruna. Opna\u00f0 dyr inn \u00ed \u00e1\u00f0ur \u00f3\u00feekkta v\u00eddd hugans, f\u00e6rt birtu og gle\u00f0i inn \u00ed l\u00edf okkar.<\/p>\n<p>\u00c1 Sk\u00e1ld st\u00edga lj\u00f3\u00f0in \u00fat af bla\u00f0s\u00ed\u00f0unni og inn \u00ed r\u00fdmi\u00f0. T\u00edminn h\u00e6gir \u00e1 s\u00e9r. Augnabliki\u00f0 m\u00f3tastaf sta\u00f0, lj\u00f3\u00f0um og kyrr\u00f0 Nor\u00f0ursins.<\/p>\n<p>Heimili okkar vi\u00f0 Hafnarstr\u00e6ti tengir okkur vi\u00f0 lifandi s\u00f6gu Akureyrar. \u00deessi hl\u00fdlega a\u00f0algata&nbsp;<span style=\"font-size: 1rem;\">ber \u00ed s\u00e9r takt hversdagsins \u2014 f\u00f3tatak, kve\u00f0jur, l\u00e1gt su\u00f0 fr\u00e1 litlum verslunum og kaffih\u00fasum og \u00feann hl\u00fdja anda sem einkennir b\u00e6 sem lifir \u00e1 s\u00ednum eigin nor\u00f0l\u00e6ga hra\u00f0a.<\/span><\/p>\n<p>Hafnarstr\u00e6ti var eitt sinn s\u00f6guleg meginsto\u00f0 Akureyrar og enn m\u00e1 sj\u00e1 merki fort\u00ed\u00f0ar:timburh\u00fas, hafnarl\u00edf og vetrarbirtu sem gl\u00f3ir \u00e1 sn\u00e6vi \u00fe\u00f6ktum \u00fe\u00f6kum.<\/p>\t\t\t\t\t\t\t\t<\/div>\n\t\t\t\t<\/div>\n\t\t\t\t<div class=\"elementor-element elementor-element-d7376f6 elementor-align-center elementor-icon-list--layout-traditional elementor-list-item-link-full_width elementor-widget elementor-widget-icon-list\" data-id=\"d7376f6\" data-element_type=\"widget\" data-e-type=\"widget\" data-widget_type=\"icon-list.default\">\n\t\t\t\t<div class=\"elementor-widget-container\">\n\t\t\t\t\t\t\t<ul class=\"elementor-icon-list-items\">\n\t\t\t\t\t\t\t<li class=\"elementor-icon-list-item\">\n\t\t\t\t\t\t\t\t\t\t\t<a href=\"https:\/\/www.google.com\/maps\/place\/Hafnarstr%C3%A6ti+82,+600+Akureyri\/@65.679263,-18.0909037,17.75z\/data=!4m6!3m5!1s0x48d28f0e5d202063:0x1b19f9ef036d9bbc!8m2!3d65.6793419!4d-18.0890252!16s%2Fg%2F11cp5z9wb7?entry=ttu&#038;g_ep=EgoyMDI2MDIxMS4wIKXMDSoASAFQAw%3D%3D\" target=\"_blank\" rel=\"noopener\">\n\n\t\t\t\t\t\t\t\t\t\t\t\t<span class=\"elementor-icon-list-icon\">\n\t\t\t\t\t\t\t<svg aria-hidden=\"true\" class=\"e-font-icon-svg e-fas-map-marker-alt\" viewBox=\"0 0 384 512\" xmlns=\"http:\/\/www.w3.org\/2000\/svg\"><path d=\"M172.268 501.67C26.97 291.031 0 269.413 0 192 0 85.961 85.961 0 192 0s192 85.961 192 192c0 77.413-26.97 99.031-172.268 309.67-9.535 13.774-29.93 13.773-39.464 0zM192 272c44.183 0 80-35.817 80-80s-35.817-80-80-80-80 35.817-80 80 35.817 80 80 80z\"><\/path><\/svg>\t\t\t\t\t\t<\/span>\n\t\t\t\t\t\t\t\t\t\t<span class=\"elementor-icon-list-text\">Hafnarstr\u00e6ti 82<\/span>\n\t\t\t\t\t\t\t\t\t\t\t<\/a>\n\t\t\t\t\t\t\t\t\t<\/li>\n\t\t\t\t\t\t<\/ul>\n\t\t\t\t\t\t<\/div>\n\t\t\t\t<\/div>\n\t\t\t\t<div class=\"elementor-element elementor-element-6c6e5c7 elementor-align-center elementor-mobile-align-center elementor-tablet-align-center animated-slow elementor-invisible elementor-widget elementor-widget-button\" data-id=\"6c6e5c7\" data-element_type=\"widget\" data-e-type=\"widget\" data-settings=\"{&quot;_animation&quot;:&quot;fadeInUp&quot;,&quot;_animation_delay&quot;:100}\" data-widget_type=\"button.default\">\n\t\t\t\t<div class=\"elementor-widget-container\">\n\t\t\t\t\t\t\t\t\t<div class=\"elementor-button-wrapper\">\n\t\t\t\t\t<a class=\"elementor-button elementor-button-link elementor-size-md elementor-animation-float\" href=\"https:\/\/www.hilton.com\/en\/hotels\/aeyyaqq-skald-hotel-akureyri\/\" target=\"_blank\" rel=\"noopener\">\n\t\t\t\t\t\t<span class=\"elementor-button-content-wrapper\">\n\t\t\t\t\t\t\t\t\t<span class=\"elementor-button-text\">B\u00d3KA N\u00daNA<\/span>\n\t\t\t\t\t<\/span>\n\t\t\t\t\t<\/a>\n\t\t\t\t<\/div>\n\t\t\t\t\t\t\t\t<\/div>\n\t\t\t\t<\/div>\n\t\t\t\t<\/div>\n\t\t\t\t\t<\/div>\n\t\t\t\t<\/div>\n\t\t<div class=\"elementor-element elementor-element-6044811 e-con-full elementor-hidden-desktop elementor-hidden-tablet elementor-hidden-mobile e-flex e-con e-parent\" data-id=\"6044811\" data-element_type=\"container\" data-e-type=\"container\" data-settings=\"{&quot;background_background&quot;:&quot;classic&quot;}\">\n\t\t<div class=\"elementor-element elementor-element-a50b1e3 e-con-full e-flex e-con e-child\" data-id=\"a50b1e3\" data-element_type=\"container\" data-e-type=\"container\">\n\t\t<div class=\"elementor-element elementor-element-a8f7263 e-con-full e-flex e-con e-child\" data-id=\"a8f7263\" data-element_type=\"container\" data-e-type=\"container\">\n\t\t\t\t<div class=\"elementor-element elementor-element-2766944 elementor-widget elementor-widget-image\" data-id=\"2766944\" data-element_type=\"widget\" data-e-type=\"widget\" data-widget_type=\"image.default\">\n\t\t\t\t<div class=\"elementor-widget-container\">\n\t\t\t\t\t\t\t\t\t\t\t\t\t\t\t<img fetchpriority=\"high\" decoding=\"async\" width=\"1800\" height=\"763\" src=\"https:\/\/skaldhotel.is\/wp-content\/uploads\/2026\/02\/ed-wingate-5Yl-Yp4UfEE-unsplash.jpg\" class=\"attachment-full size-full wp-image-1729\" alt=\"\" srcset=\"https:\/\/skaldhotel.is\/wp-content\/uploads\/2026\/02\/ed-wingate-5Yl-Yp4UfEE-unsplash.jpg 1800w, https:\/\/skaldhotel.is\/wp-content\/uploads\/2026\/02\/ed-wingate-5Yl-Yp4UfEE-unsplash-300x127.jpg 300w, https:\/\/skaldhotel.is\/wp-content\/uploads\/2026\/02\/ed-wingate-5Yl-Yp4UfEE-unsplash-1024x434.jpg 1024w, https:\/\/skaldhotel.is\/wp-content\/uploads\/2026\/02\/ed-wingate-5Yl-Yp4UfEE-unsplash-768x326.jpg 768w, https:\/\/skaldhotel.is\/wp-content\/uploads\/2026\/02\/ed-wingate-5Yl-Yp4UfEE-unsplash-1536x651.jpg 1536w\" sizes=\"(max-width: 1800px) 100vw, 1800px\" \/>\t\t\t\t\t\t\t\t\t\t\t\t\t\t\t<\/div>\n\t\t\t\t<\/div>\n\t\t\t\t<\/div>\n\t\t<div class=\"elementor-element elementor-element-14c81b1 e-con-full e-flex e-con e-child\" data-id=\"14c81b1\" data-element_type=\"container\" data-e-type=\"container\">\n\t\t\t\t<div class=\"elementor-element elementor-element-c667f64 elementor-invisible elementor-widget elementor-widget-heading\" data-id=\"c667f64\" data-element_type=\"widget\" data-e-type=\"widget\" data-settings=\"{&quot;_animation&quot;:&quot;fadeInDown&quot;}\" data-widget_type=\"heading.default\">\n\t\t\t\t<div class=\"elementor-widget-container\">\n\t\t\t\t\t<h2 class=\"elementor-heading-title elementor-size-default\">Our home on Hafnarstr\u00e6ti ties us to Akureyri\u2019s living story<\/h2>\t\t\t\t<\/div>\n\t\t\t\t<\/div>\n\t\t\t\t<div class=\"elementor-element elementor-element-fe202c6 elementor-widget-mobile__width-initial elementor-widget__width-initial elementor-invisible elementor-widget elementor-widget-text-editor\" data-id=\"fe202c6\" data-element_type=\"widget\" data-e-type=\"widget\" data-settings=\"{&quot;_animation&quot;:&quot;fadeInUp&quot;}\" data-widget_type=\"text-editor.default\">\n\t\t\t\t<div class=\"elementor-widget-container\">\n\t\t\t\t\t\t\t\t\t<p>This gentle main street carries the steady rhythm of everyday life, footsteps, greetings, the hum of small shops and caf\u00e9s, and the warmth of a town that moves at its own Northern pace.<\/p><p>Once the historic spine of Akureyri, Hafnarstr\u00e6ti still holds traces of its past: timber houses, harbour tales, winter light glowing on snow\u2011covered roofs.<\/p>\t\t\t\t\t\t\t\t<\/div>\n\t\t\t\t<\/div>\n\t\t\t\t<div class=\"elementor-element elementor-element-27ac061 animated-slow elementor-widget-tablet__width-initial elementor-invisible elementor-widget elementor-widget-heading\" data-id=\"27ac061\" data-element_type=\"widget\" data-e-type=\"widget\" data-settings=\"{&quot;_animation&quot;:&quot;fadeInDown&quot;,&quot;_animation_delay&quot;:100}\" data-widget_type=\"heading.default\">\n\t\t\t\t<div class=\"elementor-widget-container\">\n\t\t\t\t\t<h2 class=\"elementor-heading-title elementor-size-default\">Here, the spirit of Eyjafj\u00f6r\u00f0ur is close\n<\/h2>\t\t\t\t<\/div>\n\t\t\t\t<\/div>\n\t\t\t\t<div class=\"elementor-element elementor-element-46a2123 elementor-widget-mobile__width-initial elementor-widget__width-initial elementor-invisible elementor-widget elementor-widget-text-editor\" data-id=\"46a2123\" data-element_type=\"widget\" data-e-type=\"widget\" data-settings=\"{&quot;_animation&quot;:&quot;fadeInUp&quot;}\" data-widget_type=\"text-editor.default\">\n\t\t\t\t<div class=\"elementor-widget-container\">\n\t\t\t\t\t\t\t\t\tYou feel it in the crisp sea air on bright mornings, in the softness of long summer evenings, and in the quiet charm of winter nights when the town glows from within. Hafnarstr\u00e6ti is not grand; it is intimate, a street of stories, where history lingers and life unfolds gently.\t\t\t\t\t\t\t\t<\/div>\n\t\t\t\t<\/div>\n\t\t\t\t<div class=\"elementor-element elementor-element-856eca0 elementor-icon-list--layout-traditional elementor-list-item-link-full_width elementor-widget elementor-widget-icon-list\" data-id=\"856eca0\" data-element_type=\"widget\" data-e-type=\"widget\" data-widget_type=\"icon-list.default\">\n\t\t\t\t<div class=\"elementor-widget-container\">\n\t\t\t\t\t\t\t<ul class=\"elementor-icon-list-items\">\n\t\t\t\t\t\t\t<li class=\"elementor-icon-list-item\">\n\t\t\t\t\t\t\t\t\t\t\t<a href=\"https:\/\/www.google.com\/maps\/place\/Hafnarstr%C3%A6ti+82,+600+Akureyri\/@65.679263,-18.0909037,17.75z\/data=!4m6!3m5!1s0x48d28f0e5d202063:0x1b19f9ef036d9bbc!8m2!3d65.6793419!4d-18.0890252!16s%2Fg%2F11cp5z9wb7?entry=ttu&#038;g_ep=EgoyMDI2MDIxMS4wIKXMDSoASAFQAw%3D%3D\" target=\"_blank\" rel=\"noopener\">\n\n\t\t\t\t\t\t\t\t\t\t\t\t<span class=\"elementor-icon-list-icon\">\n\t\t\t\t\t\t\t<svg aria-hidden=\"true\" class=\"e-font-icon-svg e-fas-map-marker-alt\" viewBox=\"0 0 384 512\" xmlns=\"http:\/\/www.w3.org\/2000\/svg\"><path d=\"M172.268 501.67C26.97 291.031 0 269.413 0 192 0 85.961 85.961 0 192 0s192 85.961 192 192c0 77.413-26.97 99.031-172.268 309.67-9.535 13.774-29.93 13.773-39.464 0zM192 272c44.183 0 80-35.817 80-80s-35.817-80-80-80-80 35.817-80 80 35.817 80 80 80z\"><\/path><\/svg>\t\t\t\t\t\t<\/span>\n\t\t\t\t\t\t\t\t\t\t<span class=\"elementor-icon-list-text\">Hafnarstr\u00e6ti 82<\/span>\n\t\t\t\t\t\t\t\t\t\t\t<\/a>\n\t\t\t\t\t\t\t\t\t<\/li>\n\t\t\t\t\t\t<\/ul>\n\t\t\t\t\t\t<\/div>\n\t\t\t\t<\/div>\n\t\t\t\t<\/div>\n\t\t\t\t<\/div>\n\t\t\t\t<\/div>\n\t\t<div class=\"elementor-element elementor-element-4ddb829 e-con-full e-flex e-con e-parent\" data-id=\"4ddb829\" data-element_type=\"container\" data-e-type=\"container\">\n\t\t<div class=\"elementor-element elementor-element-66ea4e8 e-con-full e-flex e-con e-child\" data-id=\"66ea4e8\" data-element_type=\"container\" data-e-type=\"container\" data-settings=\"{&quot;background_background&quot;:&quot;classic&quot;}\">\n\t\t<div class=\"elementor-element elementor-element-b4de5ec e-con-full e-flex e-con e-child\" data-id=\"b4de5ec\" data-element_type=\"container\" data-e-type=\"container\">\n\t\t\t\t<div class=\"elementor-element elementor-element-60b0e8b animated-slow elementor-widget-tablet__width-initial elementor-invisible elementor-widget elementor-widget-heading\" data-id=\"60b0e8b\" data-element_type=\"widget\" data-e-type=\"widget\" data-settings=\"{&quot;_animation&quot;:&quot;fadeInDown&quot;,&quot;_animation_delay&quot;:100}\" data-widget_type=\"heading.default\">\n\t\t\t\t<div class=\"elementor-widget-container\">\n\t\t\t\t\t<h1 class=\"elementor-heading-title elementor-size-default\">M\u00c1 BJ\u00d3\u00d0A \u00de\u00c9R A\u00d0 SKO\u00d0A:<\/h1>\t\t\t\t<\/div>\n\t\t\t\t<\/div>\n\t\t\t\t<div class=\"elementor-element elementor-element-1ef67ae animated-slow elementor-invisible elementor-widget elementor-widget-heading\" data-id=\"1ef67ae\" data-element_type=\"widget\" data-e-type=\"widget\" data-settings=\"{&quot;_animation&quot;:&quot;fadeInDown&quot;}\" data-widget_type=\"heading.default\">\n\t\t\t\t<div class=\"elementor-widget-container\">\n\t\t\t\t\t<h1 class=\"elementor-heading-title elementor-size-default\">LJ\u00d3\u00d0SK\u00c1LDAFJ\u00d6LSKYLDAN<\/h1>\t\t\t\t<\/div>\n\t\t\t\t<\/div>\n\t\t\t\t<div class=\"elementor-element elementor-element-d59b065 elementor-invisible elementor-widget elementor-widget-button\" data-id=\"d59b065\" data-element_type=\"widget\" data-e-type=\"widget\" data-settings=\"{&quot;_animation&quot;:&quot;fadeInUp&quot;,&quot;_animation_delay&quot;:100}\" data-widget_type=\"button.default\">\n\t\t\t\t<div class=\"elementor-widget-container\">\n\t\t\t\t\t\t\t\t\t<div class=\"elementor-button-wrapper\">\n\t\t\t\t\t<a class=\"elementor-button elementor-button-link elementor-size-sm elementor-animation-float\" href=\"https:\/\/skaldhotel.is\/is\/ljodskaldafjolskyldan\/\">\n\t\t\t\t\t\t<span class=\"elementor-button-content-wrapper\">\n\t\t\t\t\t\t\t\t\t<span class=\"elementor-button-text\">Sj\u00e1 meira<\/span>\n\t\t\t\t\t<\/span>\n\t\t\t\t\t<\/a>\n\t\t\t\t<\/div>\n\t\t\t\t\t\t\t\t<\/div>\n\t\t\t\t<\/div>\n\t\t\t\t<\/div>\n\t\t\t\t<\/div>\n\t\t\t\t<\/div>\n\t\t\t\t<\/div>\n\t\t","protected":false},"excerpt":{"rendered":"<p>SAGAN OKKKAR R\u00f3tgr\u00f3i\u00f0 \u00ed b\u00f3kmenntum \u00c1 Sk\u00e1ld h\u00f3tel Akueyri eru b\u00f3kmenntir grunnurinn, sta\u00f0ur \u00fear sem lj\u00f3\u00f0, fr\u00e1sagnir og arfleif\u00f0\u00edslenskrar tungu og h\u00f6funda eru \u00ed \u00f6ndvegi. \u00cdslensk sagnahef\u00f0 hefur allt fr\u00e1 \u00fev\u00ed a\u00f0 land bygg\u00f0ist tengt okkur saman. Tungum\u00e1li\u00f0 m\u00f3tarhver vi\u00f0 erum og hverju vi\u00f0 tilheyrum. Vi\u00f0 nj\u00f3tum \u00feess a\u00f0 hlusta og lesa. \u00cd r\u00f6dd sk\u00e1ldsinsm\u00e6tum [&hellip;]<\/p>\n","protected":false},"author":2,"featured_media":0,"parent":0,"menu_order":0,"comment_status":"closed","ping_status":"closed","template":"","meta":{"_acf_changed":false,"footnotes":""},"class_list":["post-1733","page","type-page","status-publish","hentry"],"acf":[],"_links":{"self":[{"href":"https:\/\/skaldhotel.is\/is\/wp-json\/wp\/v2\/pages\/1733","targetHints":{"allow":["GET"]}}],"collection":[{"href":"https:\/\/skaldhotel.is\/is\/wp-json\/wp\/v2\/pages"}],"about":[{"href":"https:\/\/skaldhotel.is\/is\/wp-json\/wp\/v2\/types\/page"}],"author":[{"embeddable":true,"href":"https:\/\/skaldhotel.is\/is\/wp-json\/wp\/v2\/users\/2"}],"replies":[{"embeddable":true,"href":"https:\/\/skaldhotel.is\/is\/wp-json\/wp\/v2\/comments?post=1733"}],"version-history":[{"count":10,"href":"https:\/\/skaldhotel.is\/is\/wp-json\/wp\/v2\/pages\/1733\/revisions"}],"predecessor-version":[{"id":1954,"href":"https:\/\/skaldhotel.is\/is\/wp-json\/wp\/v2\/pages\/1733\/revisions\/1954"}],"wp:attachment":[{"href":"https:\/\/skaldhotel.is\/is\/wp-json\/wp\/v2\/media?parent=1733"}],"curies":[{"name":"wp","href":"https:\/\/api.w.org\/{rel}","templated":true}]}}