{"id":1711,"date":"2026-02-17T11:30:57","date_gmt":"2026-02-17T11:30:57","guid":{"rendered":"https:\/\/skaldhotel.is\/thaksvalir\/"},"modified":"2026-05-01T14:54:32","modified_gmt":"2026-05-01T14:54:32","slug":"thaksvalir","status":"publish","type":"page","link":"https:\/\/skaldhotel.is\/is\/thaksvalir\/","title":{"rendered":"\u00deaksvalir"},"content":{"rendered":"\t\t<div data-elementor-type=\"wp-page\" data-elementor-id=\"1711\" class=\"elementor elementor-1711 elementor-558\" data-elementor-post-type=\"page\">\n\t\t\t\t<div class=\"elementor-element elementor-element-7272bee e-con-full e-flex elementor-invisible e-con e-parent\" data-id=\"7272bee\" data-element_type=\"container\" data-e-type=\"container\" data-settings=\"{&quot;background_background&quot;:&quot;slideshow&quot;,&quot;animation&quot;:&quot;fadeIn&quot;,&quot;background_slideshow_gallery&quot;:[{&quot;id&quot;:1592,&quot;url&quot;:&quot;https:\\\/\\\/skaldhotel.is\\\/wp-content\\\/uploads\\\/2026\\\/02\\\/Hotel-Skald_Hilton_Curio_Terraces_01_Scene_03.jpg&quot;}],&quot;background_slideshow_slide_duration&quot;:4000,&quot;background_slideshow_transition_duration&quot;:3000,&quot;background_slideshow_ken_burns&quot;:&quot;yes&quot;,&quot;background_slideshow_loop&quot;:&quot;yes&quot;,&quot;background_slideshow_slide_transition&quot;:&quot;fade&quot;,&quot;background_slideshow_ken_burns_zoom_direction&quot;:&quot;in&quot;,&quot;background_motion_fx_devices&quot;:[&quot;desktop&quot;,&quot;tablet&quot;,&quot;mobile&quot;]}\">\n\t\t<div class=\"elementor-element elementor-element-3cb1379 e-flex e-con-boxed e-con e-child\" data-id=\"3cb1379\" data-element_type=\"container\" data-e-type=\"container\">\n\t\t\t\t\t<div class=\"e-con-inner\">\n\t\t\t\t<div class=\"elementor-element elementor-element-706f3dc animated-slow elementor-invisible elementor-widget elementor-widget-heading\" data-id=\"706f3dc\" data-element_type=\"widget\" data-e-type=\"widget\" data-settings=\"{&quot;_animation&quot;:&quot;fadeInDown&quot;}\" data-widget_type=\"heading.default\">\n\t\t\t\t<div class=\"elementor-widget-container\">\n\t\t\t\t\t<h1 class=\"elementor-heading-title elementor-size-default\">\u00deaksvalir <\/h1>\t\t\t\t<\/div>\n\t\t\t\t<\/div>\n\t\t\t\t<div class=\"elementor-element elementor-element-3295769 elementor-widget__width-initial animated-slow elementor-invisible elementor-widget elementor-widget-text-editor\" data-id=\"3295769\" data-element_type=\"widget\" data-e-type=\"widget\" data-settings=\"{&quot;_animation&quot;:&quot;fadeInUp&quot;}\" data-widget_type=\"text-editor.default\">\n\t\t\t\t<div class=\"elementor-widget-container\">\n\t\t\t\t\t\t\t\t\t<p>Tilvaldar fyrir einkavi\u00f0bur\u00f0i og samkomur, bj\u00f3\u00f0a upp \u00e1 umgj\u00f6r\u00f0 sem m\u00f3tast af \u00e1rst\u00ed\u00f0unum,<br \/>himninum og s\u00f6gunni. Hanna\u00f0ar fyrir minnist\u00e6\u00f0ar samverustundir<\/p>\t\t\t\t\t\t\t\t<\/div>\n\t\t\t\t<\/div>\n\t\t\t\t<div class=\"elementor-element elementor-element-f36fac4 elementor-align-center elementor-mobile-align-center elementor-tablet-align-center animated-slow elementor-invisible elementor-widget elementor-widget-button\" data-id=\"f36fac4\" data-element_type=\"widget\" data-e-type=\"widget\" data-settings=\"{&quot;_animation&quot;:&quot;fadeInUp&quot;,&quot;_animation_delay&quot;:100}\" data-widget_type=\"button.default\">\n\t\t\t\t<div class=\"elementor-widget-container\">\n\t\t\t\t\t\t\t\t\t<div class=\"elementor-button-wrapper\">\n\t\t\t\t\t<a class=\"elementor-button elementor-button-link elementor-size-md elementor-animation-float\" href=\"#elementor-action%3Aaction%3Dpopup%3Aopen%26settings%3DeyJpZCI6MTgxOCwidG9nZ2xlIjpmYWxzZX0%3D\">\n\t\t\t\t\t\t<span class=\"elementor-button-content-wrapper\">\n\t\t\t\t\t\t\t\t\t<span class=\"elementor-button-text\">SENDA FYRIRSPURN<\/span>\n\t\t\t\t\t<\/span>\n\t\t\t\t\t<\/a>\n\t\t\t\t<\/div>\n\t\t\t\t\t\t\t\t<\/div>\n\t\t\t\t<\/div>\n\t\t\t\t\t<\/div>\n\t\t\t\t<\/div>\n\t\t\t\t<\/div>\n\t\t<div class=\"elementor-element elementor-element-2dc9832 e-con-full e-flex e-con e-parent\" data-id=\"2dc9832\" data-element_type=\"container\" data-e-type=\"container\" data-settings=\"{&quot;background_background&quot;:&quot;classic&quot;}\">\n\t\t<div class=\"elementor-element elementor-element-256ec12 e-con-full e-flex e-con e-child\" data-id=\"256ec12\" data-element_type=\"container\" data-e-type=\"container\">\n\t\t<div class=\"elementor-element elementor-element-e469532 e-con-full e-flex e-con e-child\" data-id=\"e469532\" data-element_type=\"container\" data-e-type=\"container\">\n\t\t\t\t<div class=\"elementor-element elementor-element-96c7460 elementor-widget elementor-widget-image\" data-id=\"96c7460\" data-element_type=\"widget\" data-e-type=\"widget\" data-widget_type=\"image.default\">\n\t\t\t\t<div class=\"elementor-widget-container\">\n\t\t\t\t\t\t\t\t\t\t\t\t\t\t\t<img fetchpriority=\"high\" decoding=\"async\" width=\"800\" height=\"285\" src=\"https:\/\/skaldhotel.is\/wp-content\/uploads\/2026\/02\/Hotel-Skald_Hilton_Curio_Terraces_01_Scene_01-1024x365.jpg\" class=\"attachment-large size-large wp-image-1706\" alt=\"\" srcset=\"https:\/\/skaldhotel.is\/wp-content\/uploads\/2026\/02\/Hotel-Skald_Hilton_Curio_Terraces_01_Scene_01-1024x365.jpg 1024w, https:\/\/skaldhotel.is\/wp-content\/uploads\/2026\/02\/Hotel-Skald_Hilton_Curio_Terraces_01_Scene_01-300x107.jpg 300w, https:\/\/skaldhotel.is\/wp-content\/uploads\/2026\/02\/Hotel-Skald_Hilton_Curio_Terraces_01_Scene_01-768x274.jpg 768w, https:\/\/skaldhotel.is\/wp-content\/uploads\/2026\/02\/Hotel-Skald_Hilton_Curio_Terraces_01_Scene_01-1536x548.jpg 1536w, https:\/\/skaldhotel.is\/wp-content\/uploads\/2026\/02\/Hotel-Skald_Hilton_Curio_Terraces_01_Scene_01-2048x731.jpg 2048w\" sizes=\"(max-width: 800px) 100vw, 800px\" \/>\t\t\t\t\t\t\t\t\t\t\t\t\t\t\t<\/div>\n\t\t\t\t<\/div>\n\t\t\t\t<div class=\"elementor-element elementor-element-965aa33 elementor-widget elementor-widget-image\" data-id=\"965aa33\" data-element_type=\"widget\" data-e-type=\"widget\" data-widget_type=\"image.default\">\n\t\t\t\t<div class=\"elementor-widget-container\">\n\t\t\t\t\t\t\t\t\t\t\t\t\t\t\t<img decoding=\"async\" width=\"800\" height=\"285\" src=\"https:\/\/skaldhotel.is\/wp-content\/uploads\/2026\/02\/Hotel-Skald_Hilton_Curio_Terraces_01_Scene_02-1024x365.jpg\" class=\"attachment-large size-large wp-image-1707\" alt=\"\" srcset=\"https:\/\/skaldhotel.is\/wp-content\/uploads\/2026\/02\/Hotel-Skald_Hilton_Curio_Terraces_01_Scene_02-1024x365.jpg 1024w, https:\/\/skaldhotel.is\/wp-content\/uploads\/2026\/02\/Hotel-Skald_Hilton_Curio_Terraces_01_Scene_02-300x107.jpg 300w, https:\/\/skaldhotel.is\/wp-content\/uploads\/2026\/02\/Hotel-Skald_Hilton_Curio_Terraces_01_Scene_02-768x274.jpg 768w, https:\/\/skaldhotel.is\/wp-content\/uploads\/2026\/02\/Hotel-Skald_Hilton_Curio_Terraces_01_Scene_02-1536x548.jpg 1536w, https:\/\/skaldhotel.is\/wp-content\/uploads\/2026\/02\/Hotel-Skald_Hilton_Curio_Terraces_01_Scene_02-2048x731.jpg 2048w\" sizes=\"(max-width: 800px) 100vw, 800px\" \/>\t\t\t\t\t\t\t\t\t\t\t\t\t\t\t<\/div>\n\t\t\t\t<\/div>\n\t\t\t\t<\/div>\n\t\t<div class=\"elementor-element elementor-element-18fb967 e-con-full e-flex e-con e-child\" data-id=\"18fb967\" data-element_type=\"container\" data-e-type=\"container\">\n\t\t\t\t<div class=\"elementor-element elementor-element-75a3308 elementor-invisible elementor-widget elementor-widget-heading\" data-id=\"75a3308\" data-element_type=\"widget\" data-e-type=\"widget\" data-settings=\"{&quot;_animation&quot;:&quot;fadeInDown&quot;}\" data-widget_type=\"heading.default\">\n\t\t\t\t<div class=\"elementor-widget-container\">\n\t\t\t\t\t<h2 class=\"elementor-heading-title elementor-size-default\">Su\u00f0urver\u00f6nd<\/h2>\t\t\t\t<\/div>\n\t\t\t\t<\/div>\n\t\t\t\t<div class=\"elementor-element elementor-element-39dcbd7 elementor-widget-mobile__width-initial elementor-widget__width-initial elementor-invisible elementor-widget elementor-widget-text-editor\" data-id=\"39dcbd7\" data-element_type=\"widget\" data-e-type=\"widget\" data-settings=\"{&quot;_animation&quot;:&quot;fadeInUp&quot;}\" data-widget_type=\"text-editor.default\">\n\t\t\t\t<div class=\"elementor-widget-container\">\n\t\t\t\t\t\t\t\t\t\u00c1 Sk\u00e1ld h\u00f3tel Akureyri er gl\u00e6sileg \u00feakver\u00f6nd til su\u00f0urs me\u00f0 v\u00ed\u00f0\u00e1ttumiklu \u00fats\u00fdni og fallegri tengingu milli inni- og \u00fatisv\u00e6\u00f0is. H\u00e9r er r\u00f3legt og notalegt a\u00f0 staldra vi\u00f0, f\u00e1 s\u00e9r drykk og nj\u00f3ta umhverfisins.\nL\u00e9ttir r\u00e9ttir og veitingar eru \u00ed bo\u00f0i yfir daginn &#8211; fullkomi\u00f0 fyrir k\u00e6lt kampav\u00ednsglas \u00ed sumars\u00f3linni e\u00f0a notalega \u201eapr\u00e8sski\u201c stund me\u00f0 heitu kak\u00f3i eftir dag \u00fati \u00ed fersku fjallaloftinu.\n\t\t\t\t\t\t\t\t<\/div>\n\t\t\t\t<\/div>\n\t\t\t\t<\/div>\n\t\t\t\t<\/div>\n\t\t\t\t<\/div>\n\t\t<div class=\"elementor-element elementor-element-d3599f1 e-con-full e-flex e-con e-parent\" data-id=\"d3599f1\" data-element_type=\"container\" data-e-type=\"container\" data-settings=\"{&quot;background_background&quot;:&quot;classic&quot;}\">\n\t\t<div class=\"elementor-element elementor-element-e9144e9 e-con-full e-flex e-con e-child\" data-id=\"e9144e9\" data-element_type=\"container\" data-e-type=\"container\">\n\t\t<div class=\"elementor-element elementor-element-856238f e-con-full e-flex e-con e-child\" data-id=\"856238f\" data-element_type=\"container\" data-e-type=\"container\">\n\t\t\t\t<div class=\"elementor-element elementor-element-0d79138 elementor-invisible elementor-widget elementor-widget-heading\" data-id=\"0d79138\" data-element_type=\"widget\" data-e-type=\"widget\" data-settings=\"{&quot;_animation&quot;:&quot;fadeInDown&quot;}\" data-widget_type=\"heading.default\">\n\t\t\t\t<div class=\"elementor-widget-container\">\n\t\t\t\t\t<h2 class=\"elementor-heading-title elementor-size-default\">Nor\u00f0urver\u00f6nd<\/h2>\t\t\t\t<\/div>\n\t\t\t\t<\/div>\n\t\t\t\t<div class=\"elementor-element elementor-element-62d0a1c elementor-widget-mobile__width-initial elementor-widget__width-initial elementor-invisible elementor-widget elementor-widget-text-editor\" data-id=\"62d0a1c\" data-element_type=\"widget\" data-e-type=\"widget\" data-settings=\"{&quot;_animation&quot;:&quot;fadeInUp&quot;}\" data-widget_type=\"text-editor.default\">\n\t\t\t\t<div class=\"elementor-widget-container\">\n\t\t\t\t\t\t\t\t\t<p>Fullkomi\u00f0 athvarf fyrir lestur, skriftir e\u00f0a vera i kyrr\u00f0, nj\u00f3ta st\u00f3rbrotinnar n\u00e1tt\u00farufegur\u00f0ar b\u00e6\u00f0i yfir sj\u00f3 og fj\u00f6ll. Skj\u00f3l \u00fear sem hugsanir r\u00f3ast, s\u00f6gur ver\u00f0a til og t\u00edminn h\u00e6gir \u00e1 s\u00e9r.<\/p><p>H\u00e9r m\u00e1 nj\u00f3ta r\u00f3legra kv\u00f6lda undir berum himni, horfa \u00e1 nor\u00f0urlj\u00f3sin leiftra \u00ed vetrarmyrkrinu e\u00f0a slaka einfaldlega \u00e1 \u00ed hl\u00fdlegu og notalegu umhverfi fjarri dagsins amstri. Leyfa huganum a\u00f0 flj\u00f3ta og s\u00e6kja hugmyndir.<\/p>\t\t\t\t\t\t\t\t<\/div>\n\t\t\t\t<\/div>\n\t\t\t\t<\/div>\n\t\t<div class=\"elementor-element elementor-element-b8a7eeb e-con-full e-flex e-con e-child\" data-id=\"b8a7eeb\" data-element_type=\"container\" data-e-type=\"container\">\n\t\t\t\t<div class=\"elementor-element elementor-element-31cba99 elementor-widget elementor-widget-image\" data-id=\"31cba99\" data-element_type=\"widget\" data-e-type=\"widget\" data-widget_type=\"image.default\">\n\t\t\t\t<div class=\"elementor-widget-container\">\n\t\t\t\t\t\t\t\t\t\t\t\t\t\t\t<img decoding=\"async\" width=\"2500\" height=\"892\" src=\"https:\/\/skaldhotel.is\/wp-content\/uploads\/2026\/02\/Hotel-Skald_Hilton_Curio_Terraces_01_Scene_07.jpg\" class=\"attachment-full size-full wp-image-1708\" alt=\"\" srcset=\"https:\/\/skaldhotel.is\/wp-content\/uploads\/2026\/02\/Hotel-Skald_Hilton_Curio_Terraces_01_Scene_07.jpg 2500w, https:\/\/skaldhotel.is\/wp-content\/uploads\/2026\/02\/Hotel-Skald_Hilton_Curio_Terraces_01_Scene_07-300x107.jpg 300w, https:\/\/skaldhotel.is\/wp-content\/uploads\/2026\/02\/Hotel-Skald_Hilton_Curio_Terraces_01_Scene_07-1024x365.jpg 1024w, https:\/\/skaldhotel.is\/wp-content\/uploads\/2026\/02\/Hotel-Skald_Hilton_Curio_Terraces_01_Scene_07-768x274.jpg 768w, https:\/\/skaldhotel.is\/wp-content\/uploads\/2026\/02\/Hotel-Skald_Hilton_Curio_Terraces_01_Scene_07-1536x548.jpg 1536w, https:\/\/skaldhotel.is\/wp-content\/uploads\/2026\/02\/Hotel-Skald_Hilton_Curio_Terraces_01_Scene_07-2048x731.jpg 2048w\" sizes=\"(max-width: 2500px) 100vw, 2500px\" \/>\t\t\t\t\t\t\t\t\t\t\t\t\t\t\t<\/div>\n\t\t\t\t<\/div>\n\t\t\t\t<\/div>\n\t\t\t\t<\/div>\n\t\t\t\t<\/div>\n\t\t<div class=\"elementor-element elementor-element-7d45590 e-con-full e-flex e-con e-parent\" data-id=\"7d45590\" data-element_type=\"container\" data-e-type=\"container\">\n\t\t\t\t<div class=\"elementor-element elementor-element-5a27c7b elementor-widget elementor-widget-gallery\" data-id=\"5a27c7b\" data-element_type=\"widget\" data-e-type=\"widget\" data-settings=\"{&quot;columns&quot;:3,&quot;gap&quot;:{&quot;unit&quot;:&quot;px&quot;,&quot;size&quot;:1,&quot;sizes&quot;:[]},&quot;gap_mobile&quot;:{&quot;unit&quot;:&quot;px&quot;,&quot;size&quot;:1,&quot;sizes&quot;:[]},&quot;aspect_ratio&quot;:&quot;21:9&quot;,&quot;gallery_layout&quot;:&quot;grid&quot;,&quot;columns_tablet&quot;:2,&quot;columns_mobile&quot;:1,&quot;gap_tablet&quot;:{&quot;unit&quot;:&quot;px&quot;,&quot;size&quot;:10,&quot;sizes&quot;:[]},&quot;link_to&quot;:&quot;file&quot;,&quot;overlay_background&quot;:&quot;yes&quot;,&quot;content_hover_animation&quot;:&quot;fade-in&quot;}\" data-widget_type=\"gallery.default\">\n\t\t\t\t<div class=\"elementor-widget-container\">\n\t\t\t\t\t\t\t<div class=\"elementor-gallery__container\">\n\t\t\t\t\t\t\t<a class=\"e-gallery-item elementor-gallery-item elementor-animated-content\" href=\"https:\/\/skaldhotel.is\/wp-content\/uploads\/2026\/02\/Hotel-Skald_Hilton_Curio_Terraces_01_Scene_07.jpg\" data-elementor-open-lightbox=\"yes\" data-elementor-lightbox-slideshow=\"5a27c7b\" data-elementor-lightbox-title=\"Hotel-Sk\u00e1ld_Hilton_Curio_Terraces_01_Scene_07\" data-e-action-hash=\"#elementor-action%3Aaction%3Dlightbox%26settings%3DeyJpZCI6MTcwOCwidXJsIjoiaHR0cHM6XC9cL3NrYWxkaG90ZWwuaXNcL3dwLWNvbnRlbnRcL3VwbG9hZHNcLzIwMjZcLzAyXC9Ib3RlbC1Ta2FsZF9IaWx0b25fQ3VyaW9fVGVycmFjZXNfMDFfU2NlbmVfMDcuanBnIiwic2xpZGVzaG93IjoiNWEyN2M3YiJ9\">\n\t\t\t\t\t<div class=\"e-gallery-image elementor-gallery-item__image\" data-thumbnail=\"https:\/\/skaldhotel.is\/wp-content\/uploads\/2026\/02\/Hotel-Skald_Hilton_Curio_Terraces_01_Scene_07.jpg\" data-width=\"2500\" data-height=\"892\" aria-label=\"\" role=\"img\" ><\/div>\n\t\t\t\t\t\t\t\t\t\t\t<div class=\"elementor-gallery-item__overlay\"><\/div>\n\t\t\t\t\t\t\t\t\t\t\t\t\t\t<\/a>\n\t\t\t\t\t\t\t<a class=\"e-gallery-item elementor-gallery-item elementor-animated-content\" href=\"https:\/\/skaldhotel.is\/wp-content\/uploads\/2026\/02\/Hotel-Skald_Hilton_Curio_Terraces_01_Scene_04.jpg\" data-elementor-open-lightbox=\"yes\" data-elementor-lightbox-slideshow=\"5a27c7b\" data-elementor-lightbox-title=\"Hotel-Sk\u00e1ld_Hilton_Curio_Terraces_01_Scene_04\" data-e-action-hash=\"#elementor-action%3Aaction%3Dlightbox%26settings%3DeyJpZCI6MTcwOSwidXJsIjoiaHR0cHM6XC9cL3NrYWxkaG90ZWwuaXNcL3dwLWNvbnRlbnRcL3VwbG9hZHNcLzIwMjZcLzAyXC9Ib3RlbC1Ta2FsZF9IaWx0b25fQ3VyaW9fVGVycmFjZXNfMDFfU2NlbmVfMDQuanBnIiwic2xpZGVzaG93IjoiNWEyN2M3YiJ9\">\n\t\t\t\t\t<div class=\"e-gallery-image elementor-gallery-item__image\" data-thumbnail=\"https:\/\/skaldhotel.is\/wp-content\/uploads\/2026\/02\/Hotel-Skald_Hilton_Curio_Terraces_01_Scene_04.jpg\" data-width=\"2500\" data-height=\"892\" aria-label=\"\" role=\"img\" ><\/div>\n\t\t\t\t\t\t\t\t\t\t\t<div class=\"elementor-gallery-item__overlay\"><\/div>\n\t\t\t\t\t\t\t\t\t\t\t\t\t\t<\/a>\n\t\t\t\t\t\t\t<a class=\"e-gallery-item elementor-gallery-item elementor-animated-content\" href=\"https:\/\/skaldhotel.is\/wp-content\/uploads\/2026\/02\/Hotel-Skald_Hilton_Curio_Terraces_01_Scene_03.jpg\" data-elementor-open-lightbox=\"yes\" data-elementor-lightbox-slideshow=\"5a27c7b\" data-elementor-lightbox-title=\"Hotel-Sk\u00e1ld_Hilton_Curio_Terraces_01_Scene_03\" data-e-action-hash=\"#elementor-action%3Aaction%3Dlightbox%26settings%3DeyJpZCI6MTU5MiwidXJsIjoiaHR0cHM6XC9cL3NrYWxkaG90ZWwuaXNcL3dwLWNvbnRlbnRcL3VwbG9hZHNcLzIwMjZcLzAyXC9Ib3RlbC1Ta2FsZF9IaWx0b25fQ3VyaW9fVGVycmFjZXNfMDFfU2NlbmVfMDMuanBnIiwic2xpZGVzaG93IjoiNWEyN2M3YiJ9\">\n\t\t\t\t\t<div class=\"e-gallery-image elementor-gallery-item__image\" data-thumbnail=\"https:\/\/skaldhotel.is\/wp-content\/uploads\/2026\/02\/Hotel-Skald_Hilton_Curio_Terraces_01_Scene_03.jpg\" data-width=\"2500\" data-height=\"892\" aria-label=\"\" role=\"img\" ><\/div>\n\t\t\t\t\t\t\t\t\t\t\t<div class=\"elementor-gallery-item__overlay\"><\/div>\n\t\t\t\t\t\t\t\t\t\t\t\t\t\t<\/a>\n\t\t\t\t\t\t\t<a class=\"e-gallery-item elementor-gallery-item elementor-animated-content\" href=\"https:\/\/skaldhotel.is\/wp-content\/uploads\/2026\/02\/Hotel-Skald_Hilton_Curio_Terraces_01_Scene_02Night.jpg\" data-elementor-open-lightbox=\"yes\" data-elementor-lightbox-slideshow=\"5a27c7b\" data-elementor-lightbox-title=\"Hotel-Sk\u00e1ld_Hilton_Curio_Terraces_01_Scene_02Night\" data-e-action-hash=\"#elementor-action%3Aaction%3Dlightbox%26settings%3DeyJpZCI6MTcxMCwidXJsIjoiaHR0cHM6XC9cL3NrYWxkaG90ZWwuaXNcL3dwLWNvbnRlbnRcL3VwbG9hZHNcLzIwMjZcLzAyXC9Ib3RlbC1Ta2FsZF9IaWx0b25fQ3VyaW9fVGVycmFjZXNfMDFfU2NlbmVfMDJOaWdodC5qcGciLCJzbGlkZXNob3ciOiI1YTI3YzdiIn0%3D\">\n\t\t\t\t\t<div class=\"e-gallery-image elementor-gallery-item__image\" data-thumbnail=\"https:\/\/skaldhotel.is\/wp-content\/uploads\/2026\/02\/Hotel-Skald_Hilton_Curio_Terraces_01_Scene_02Night.jpg\" data-width=\"2500\" data-height=\"892\" aria-label=\"\" role=\"img\" ><\/div>\n\t\t\t\t\t\t\t\t\t\t\t<div class=\"elementor-gallery-item__overlay\"><\/div>\n\t\t\t\t\t\t\t\t\t\t\t\t\t\t<\/a>\n\t\t\t\t\t\t\t<a class=\"e-gallery-item elementor-gallery-item elementor-animated-content\" href=\"https:\/\/skaldhotel.is\/wp-content\/uploads\/2026\/02\/Hotel-Skald_Hilton_Curio_Terraces_01_Scene_02.jpg\" data-elementor-open-lightbox=\"yes\" data-elementor-lightbox-slideshow=\"5a27c7b\" data-elementor-lightbox-title=\"Hotel-Sk\u00e1ld_Hilton_Curio_Terraces_01_Scene_02\" data-e-action-hash=\"#elementor-action%3Aaction%3Dlightbox%26settings%3DeyJpZCI6MTcwNywidXJsIjoiaHR0cHM6XC9cL3NrYWxkaG90ZWwuaXNcL3dwLWNvbnRlbnRcL3VwbG9hZHNcLzIwMjZcLzAyXC9Ib3RlbC1Ta2FsZF9IaWx0b25fQ3VyaW9fVGVycmFjZXNfMDFfU2NlbmVfMDIuanBnIiwic2xpZGVzaG93IjoiNWEyN2M3YiJ9\">\n\t\t\t\t\t<div class=\"e-gallery-image elementor-gallery-item__image\" data-thumbnail=\"https:\/\/skaldhotel.is\/wp-content\/uploads\/2026\/02\/Hotel-Skald_Hilton_Curio_Terraces_01_Scene_02.jpg\" data-width=\"2500\" data-height=\"892\" aria-label=\"\" role=\"img\" ><\/div>\n\t\t\t\t\t\t\t\t\t\t\t<div class=\"elementor-gallery-item__overlay\"><\/div>\n\t\t\t\t\t\t\t\t\t\t\t\t\t\t<\/a>\n\t\t\t\t\t\t\t<a class=\"e-gallery-item elementor-gallery-item elementor-animated-content\" href=\"https:\/\/skaldhotel.is\/wp-content\/uploads\/2026\/02\/Hotel-Skald_Hilton_Curio_Terraces_01_Scene_01.jpg\" data-elementor-open-lightbox=\"yes\" data-elementor-lightbox-slideshow=\"5a27c7b\" data-elementor-lightbox-title=\"Hotel-Sk\u00e1ld_Hilton_Curio_Terraces_01_Scene_01\" data-e-action-hash=\"#elementor-action%3Aaction%3Dlightbox%26settings%3DeyJpZCI6MTcwNiwidXJsIjoiaHR0cHM6XC9cL3NrYWxkaG90ZWwuaXNcL3dwLWNvbnRlbnRcL3VwbG9hZHNcLzIwMjZcLzAyXC9Ib3RlbC1Ta2FsZF9IaWx0b25fQ3VyaW9fVGVycmFjZXNfMDFfU2NlbmVfMDEuanBnIiwic2xpZGVzaG93IjoiNWEyN2M3YiJ9\">\n\t\t\t\t\t<div class=\"e-gallery-image elementor-gallery-item__image\" data-thumbnail=\"https:\/\/skaldhotel.is\/wp-content\/uploads\/2026\/02\/Hotel-Skald_Hilton_Curio_Terraces_01_Scene_01.jpg\" data-width=\"2500\" data-height=\"892\" aria-label=\"\" role=\"img\" ><\/div>\n\t\t\t\t\t\t\t\t\t\t\t<div class=\"elementor-gallery-item__overlay\"><\/div>\n\t\t\t\t\t\t\t\t\t\t\t\t\t\t<\/a>\n\t\t\t\t\t<\/div>\n\t\t\t\t\t<\/div>\n\t\t\t\t<\/div>\n\t\t\t\t<\/div>\n\t\t<div class=\"elementor-element elementor-element-547e49a e-con-full e-flex e-con e-parent\" data-id=\"547e49a\" data-element_type=\"container\" data-e-type=\"container\">\n\t\t<div class=\"elementor-element elementor-element-eed4526 e-con-full e-flex e-con e-child\" data-id=\"eed4526\" data-element_type=\"container\" data-e-type=\"container\" data-settings=\"{&quot;background_background&quot;:&quot;classic&quot;}\">\n\t\t<div class=\"elementor-element elementor-element-70fb021 e-con-full e-flex e-con e-child\" data-id=\"70fb021\" data-element_type=\"container\" data-e-type=\"container\">\n\t\t\t\t<div class=\"elementor-element elementor-element-6450aa3 animated-slow elementor-widget-tablet__width-initial elementor-invisible elementor-widget elementor-widget-heading\" data-id=\"6450aa3\" data-element_type=\"widget\" data-e-type=\"widget\" data-settings=\"{&quot;_animation&quot;:&quot;fadeInDown&quot;,&quot;_animation_delay&quot;:100}\" data-widget_type=\"heading.default\">\n\t\t\t\t<div class=\"elementor-widget-container\">\n\t\t\t\t\t<h1 class=\"elementor-heading-title elementor-size-default\">M\u00c1 BJ\u00d3\u00d0A \u00de\u00c9R A\u00d0 SKO\u00d0A:<\/h1>\t\t\t\t<\/div>\n\t\t\t\t<\/div>\n\t\t\t\t<div class=\"elementor-element elementor-element-ecf2f20 animated-slow elementor-invisible elementor-widget elementor-widget-heading\" data-id=\"ecf2f20\" data-element_type=\"widget\" data-e-type=\"widget\" data-settings=\"{&quot;_animation&quot;:&quot;fadeInDown&quot;}\" data-widget_type=\"heading.default\">\n\t\t\t\t<div class=\"elementor-widget-container\">\n\t\t\t\t\t<h1 class=\"elementor-heading-title elementor-size-default\">FUNDARHERBERGI\n<\/h1>\t\t\t\t<\/div>\n\t\t\t\t<\/div>\n\t\t\t\t<div class=\"elementor-element elementor-element-0315f6e elementor-invisible elementor-widget elementor-widget-button\" data-id=\"0315f6e\" data-element_type=\"widget\" data-e-type=\"widget\" data-settings=\"{&quot;_animation&quot;:&quot;fadeInUp&quot;,&quot;_animation_delay&quot;:100}\" data-widget_type=\"button.default\">\n\t\t\t\t<div class=\"elementor-widget-container\">\n\t\t\t\t\t\t\t\t\t<div class=\"elementor-button-wrapper\">\n\t\t\t\t\t<a class=\"elementor-button elementor-button-link elementor-size-sm elementor-animation-float\" href=\"https:\/\/skaldhotel.is\/is\/fundarherbergi\/\">\n\t\t\t\t\t\t<span class=\"elementor-button-content-wrapper\">\n\t\t\t\t\t\t\t\t\t<span class=\"elementor-button-text\">Sj\u00e1 meira<\/span>\n\t\t\t\t\t<\/span>\n\t\t\t\t\t<\/a>\n\t\t\t\t<\/div>\n\t\t\t\t\t\t\t\t<\/div>\n\t\t\t\t<\/div>\n\t\t\t\t<\/div>\n\t\t\t\t<\/div>\n\t\t\t\t<\/div>\n\t\t<div class=\"elementor-element elementor-element-6c44426 e-con-full e-flex e-con e-parent\" data-id=\"6c44426\" data-element_type=\"container\" data-e-type=\"container\">\n\t\t<div class=\"elementor-element elementor-element-f60a383 e-con-full e-flex e-con e-child\" data-id=\"f60a383\" data-element_type=\"container\" data-e-type=\"container\" data-settings=\"{&quot;background_background&quot;:&quot;classic&quot;}\">\n\t\t<div class=\"elementor-element elementor-element-2840acc e-con-full e-flex e-con e-child\" data-id=\"2840acc\" data-element_type=\"container\" data-e-type=\"container\">\n\t\t\t\t<div class=\"elementor-element elementor-element-8f7426c animated-slow elementor-widget-tablet__width-initial elementor-invisible elementor-widget elementor-widget-heading\" data-id=\"8f7426c\" data-element_type=\"widget\" data-e-type=\"widget\" data-settings=\"{&quot;_animation&quot;:&quot;fadeInDown&quot;,&quot;_animation_delay&quot;:100}\" data-widget_type=\"heading.default\">\n\t\t\t\t<div class=\"elementor-widget-container\">\n\t\t\t\t\t<h1 class=\"elementor-heading-title elementor-size-default\">M\u00c1 BJ\u00d3\u00d0A \u00de\u00c9R A\u00d0 SKO\u00d0A:<\/h1>\t\t\t\t<\/div>\n\t\t\t\t<\/div>\n\t\t\t\t<div class=\"elementor-element elementor-element-2038b25 animated-slow elementor-invisible elementor-widget elementor-widget-heading\" data-id=\"2038b25\" data-element_type=\"widget\" data-e-type=\"widget\" data-settings=\"{&quot;_animation&quot;:&quot;fadeInDown&quot;}\" data-widget_type=\"heading.default\">\n\t\t\t\t<div class=\"elementor-widget-container\">\n\t\t\t\t\t<h1 class=\"elementor-heading-title elementor-size-default\">veitingasta\u00f0ur\n<\/h1>\t\t\t\t<\/div>\n\t\t\t\t<\/div>\n\t\t\t\t<div class=\"elementor-element elementor-element-9f198fe elementor-invisible elementor-widget elementor-widget-button\" data-id=\"9f198fe\" data-element_type=\"widget\" data-e-type=\"widget\" data-settings=\"{&quot;_animation&quot;:&quot;fadeInUp&quot;,&quot;_animation_delay&quot;:100}\" data-widget_type=\"button.default\">\n\t\t\t\t<div class=\"elementor-widget-container\">\n\t\t\t\t\t\t\t\t\t<div class=\"elementor-button-wrapper\">\n\t\t\t\t\t<a class=\"elementor-button elementor-button-link elementor-size-sm elementor-animation-float\" href=\"https:\/\/skaldhotel.is\/is\/veitingastadur\/\">\n\t\t\t\t\t\t<span class=\"elementor-button-content-wrapper\">\n\t\t\t\t\t\t\t\t\t<span class=\"elementor-button-text\">Sj\u00e1 meira<\/span>\n\t\t\t\t\t<\/span>\n\t\t\t\t\t<\/a>\n\t\t\t\t<\/div>\n\t\t\t\t\t\t\t\t<\/div>\n\t\t\t\t<\/div>\n\t\t\t\t<\/div>\n\t\t\t\t<\/div>\n\t\t\t\t<\/div>\n\t\t\t\t<\/div>\n\t\t","protected":false},"excerpt":{"rendered":"<p>\u00deaksvalir Tilvaldar fyrir einkavi\u00f0bur\u00f0i og samkomur, bj\u00f3\u00f0a upp \u00e1 umgj\u00f6r\u00f0 sem m\u00f3tast af \u00e1rst\u00ed\u00f0unum,himninum og s\u00f6gunni. Hanna\u00f0ar fyrir minnist\u00e6\u00f0ar samverustundir SENDA FYRIRSPURN Su\u00f0urver\u00f6nd \u00c1 Sk\u00e1ld h\u00f3tel Akureyri er gl\u00e6sileg \u00feakver\u00f6nd til su\u00f0urs me\u00f0 v\u00ed\u00f0\u00e1ttumiklu \u00fats\u00fdni og fallegri tengingu milli inni- og \u00fatisv\u00e6\u00f0is. H\u00e9r er r\u00f3legt og notalegt a\u00f0 staldra vi\u00f0, f\u00e1 s\u00e9r drykk og nj\u00f3ta [&hellip;]<\/p>\n","protected":false},"author":2,"featured_media":0,"parent":0,"menu_order":0,"comment_status":"closed","ping_status":"closed","template":"","meta":{"_acf_changed":false,"footnotes":""},"class_list":["post-1711","page","type-page","status-publish","hentry"],"acf":[],"_links":{"self":[{"href":"https:\/\/skaldhotel.is\/is\/wp-json\/wp\/v2\/pages\/1711","targetHints":{"allow":["GET"]}}],"collection":[{"href":"https:\/\/skaldhotel.is\/is\/wp-json\/wp\/v2\/pages"}],"about":[{"href":"https:\/\/skaldhotel.is\/is\/wp-json\/wp\/v2\/types\/page"}],"author":[{"embeddable":true,"href":"https:\/\/skaldhotel.is\/is\/wp-json\/wp\/v2\/users\/2"}],"replies":[{"embeddable":true,"href":"https:\/\/skaldhotel.is\/is\/wp-json\/wp\/v2\/comments?post=1711"}],"version-history":[{"count":10,"href":"https:\/\/skaldhotel.is\/is\/wp-json\/wp\/v2\/pages\/1711\/revisions"}],"predecessor-version":[{"id":1935,"href":"https:\/\/skaldhotel.is\/is\/wp-json\/wp\/v2\/pages\/1711\/revisions\/1935"}],"wp:attachment":[{"href":"https:\/\/skaldhotel.is\/is\/wp-json\/wp\/v2\/media?parent=1711"}],"curies":[{"name":"wp","href":"https:\/\/api.w.org\/{rel}","templated":true}]}}