{"id":1685,"date":"2026-02-18T10:52:19","date_gmt":"2026-02-18T10:52:19","guid":{"rendered":"https:\/\/skaldhotel.is\/veitingastadur\/"},"modified":"2026-05-01T14:33:13","modified_gmt":"2026-05-01T14:33:13","slug":"veitingastadur","status":"publish","type":"page","link":"https:\/\/skaldhotel.is\/is\/veitingastadur\/","title":{"rendered":"Veitingasta\u00f0ur"},"content":{"rendered":"\t\t<div data-elementor-type=\"wp-page\" data-elementor-id=\"1685\" class=\"elementor elementor-1685 elementor-618\" data-elementor-post-type=\"page\">\n\t\t\t\t<div class=\"elementor-element elementor-element-7272bee e-con-full e-flex elementor-invisible e-con e-parent\" data-id=\"7272bee\" data-element_type=\"container\" data-e-type=\"container\" data-settings=\"{&quot;background_background&quot;:&quot;classic&quot;,&quot;background_motion_fx_motion_fx_scrolling&quot;:&quot;yes&quot;,&quot;animation&quot;:&quot;fadeIn&quot;,&quot;background_motion_fx_devices&quot;:[&quot;desktop&quot;,&quot;tablet&quot;,&quot;mobile&quot;]}\">\n\t\t<div class=\"elementor-element elementor-element-3cb1379 e-flex e-con-boxed e-con e-child\" data-id=\"3cb1379\" data-element_type=\"container\" data-e-type=\"container\">\n\t\t\t\t\t<div class=\"e-con-inner\">\n\t\t\t\t<div class=\"elementor-element elementor-element-0193986 animated-slow elementor-invisible elementor-widget elementor-widget-image\" data-id=\"0193986\" data-element_type=\"widget\" data-e-type=\"widget\" data-settings=\"{&quot;_animation&quot;:&quot;fadeInDown&quot;}\" data-widget_type=\"image.default\">\n\t\t\t\t<div class=\"elementor-widget-container\">\n\t\t\t\t\t\t\t\t\t\t\t\t\t\t\t<img fetchpriority=\"high\" decoding=\"async\" width=\"744\" height=\"1024\" src=\"https:\/\/skaldhotel.is\/wp-content\/uploads\/2026\/03\/skald-restaurant-copia-744x1024.png\" class=\"attachment-large size-large wp-image-1678\" alt=\"\" srcset=\"https:\/\/skaldhotel.is\/wp-content\/uploads\/2026\/03\/skald-restaurant-copia-744x1024.png 744w, https:\/\/skaldhotel.is\/wp-content\/uploads\/2026\/03\/skald-restaurant-copia-218x300.png 218w, https:\/\/skaldhotel.is\/wp-content\/uploads\/2026\/03\/skald-restaurant-copia-768x1058.png 768w, https:\/\/skaldhotel.is\/wp-content\/uploads\/2026\/03\/skald-restaurant-copia.png 1000w\" sizes=\"(max-width: 744px) 100vw, 744px\" \/>\t\t\t\t\t\t\t\t\t\t\t\t\t\t\t<\/div>\n\t\t\t\t<\/div>\n\t\t\t\t<div class=\"elementor-element elementor-element-706f3dc animated-slow elementor-invisible elementor-widget elementor-widget-heading\" data-id=\"706f3dc\" data-element_type=\"widget\" data-e-type=\"widget\" data-settings=\"{&quot;_animation&quot;:&quot;fadeInUp&quot;}\" data-widget_type=\"heading.default\">\n\t\t\t\t<div class=\"elementor-widget-container\">\n\t\t\t\t\t<h1 class=\"elementor-heading-title elementor-size-default\">veitingasta\u00f0ur<\/h1>\t\t\t\t<\/div>\n\t\t\t\t<\/div>\n\t\t\t\t<div class=\"elementor-element elementor-element-c25ec4a animated-slow elementor-invisible elementor-widget elementor-widget-heading\" data-id=\"c25ec4a\" data-element_type=\"widget\" data-e-type=\"widget\" data-settings=\"{&quot;_animation&quot;:&quot;fadeInUp&quot;,&quot;_animation_delay&quot;:100}\" data-widget_type=\"heading.default\">\n\t\t\t\t<div class=\"elementor-widget-container\">\n\t\t\t\t\t<h2 class=\"elementor-heading-title elementor-size-default\">\u00c1 Abba-labba-l\u00e1 st\u00edga lj\u00f3\u00f0in inn \u00ed eldh\u00fasi\u00f0<\/h2>\t\t\t\t<\/div>\n\t\t\t\t<\/div>\n\t\t\t\t\t<\/div>\n\t\t\t\t<\/div>\n\t\t\t\t<\/div>\n\t\t<div class=\"elementor-element elementor-element-c8366a1 e-flex e-con-boxed e-con e-parent\" data-id=\"c8366a1\" data-element_type=\"container\" data-e-type=\"container\" data-settings=\"{&quot;background_background&quot;:&quot;classic&quot;}\">\n\t\t\t\t\t<div class=\"e-con-inner\">\n\t\t<div class=\"elementor-element elementor-element-ab2d8a5 e-con-full e-flex e-con e-child\" data-id=\"ab2d8a5\" data-element_type=\"container\" data-e-type=\"container\">\n\t\t\t\t<div class=\"elementor-element elementor-element-faa8292 animated-slow elementor-widget-mobile__width-inherit elementor-invisible elementor-widget elementor-widget-heading\" data-id=\"faa8292\" data-element_type=\"widget\" data-e-type=\"widget\" data-settings=\"{&quot;_animation&quot;:&quot;fadeInDown&quot;,&quot;_animation_delay&quot;:100}\" data-widget_type=\"heading.default\">\n\t\t\t\t<div class=\"elementor-widget-container\">\n\t\t\t\t\t<h2 class=\"elementor-heading-title elementor-size-default\">HVER M\u00c1LT\u00cd\u00d0 ER AUGNABLIK \u00cd EINL\u00c6GRI N\u00c6RVERU OG NAUTN<\/h2>\t\t\t\t<\/div>\n\t\t\t\t<\/div>\n\t\t\t\t<div class=\"elementor-element elementor-element-368aa00 elementor-widget-mobile__width-initial elementor-widget__width-initial animated-slow elementor-invisible elementor-widget elementor-widget-text-editor\" data-id=\"368aa00\" data-element_type=\"widget\" data-e-type=\"widget\" data-settings=\"{&quot;_animation&quot;:&quot;fadeInDown&quot;}\" data-widget_type=\"text-editor.default\">\n\t\t\t\t<div class=\"elementor-widget-container\">\n\t\t\t\t\t\t\t\t\t<p>\u00c1 Abba-labba-l\u00e1 st\u00edga lj\u00f3\u00f0in inn \u00ed eldh\u00fasi\u00f0, en nafni\u00f0 \u00e1 veitingasta\u00f0num er fengi\u00f0 fr\u00e1 kv\u00e6\u00f0i eins \u00e1sts\u00e6lasta lj\u00f3\u00f0sk\u00e1lds \u00cdslendinga, Dav\u00ed\u00f0s Stef\u00e1nssonar fr\u00e1 Fagrask\u00f3gi.<\/p><p>Innbl\u00e1sin af frelsi \u00edslenskra b\u00f3kmennta leggur matarger\u00f0in \u00e1herslu \u00e1 forvitni, \u00edmyndunarafl og sj\u00e1lfs\u00f6ryggi. Hver r\u00e9ttur \u00fer\u00f3ast eins og v\u00edsa &#8211; tj\u00e1ningarr\u00edkur, n\u00e1kv\u00e6mur og \u00f6rl\u00edti\u00f0 \u00e6vint\u00fdralegur.<\/p><p>Brag\u00f0, sta\u00f0ur og kyrr\u00f0 Nor\u00f0ursins m\u00f3tar r\u00e9ttina \u00e1 bor\u00f0inu.<\/p><p>Matarstefna okkar sameinar leikandi gl\u00e6sileika og djarfa tj\u00e1ningu: litr\u00edk, brag\u00f0mikil og \u00f3hr\u00e6dd vi\u00f0 a\u00f0 fara n\u00fdjar lei\u00f0ir.<\/p><p>Vi\u00f0 eldum af forvitni og \u00e6vint\u00fdra\u00fer\u00e1 og eldh\u00fasi\u00f0 er lifandi svi\u00f0 \u00fear sem gestakokkar l\u00edfga upp \u00e1 matse\u00f0ilinn og n\u00fdjar hugmyndir koma saman.<\/p><p>\u00datkoman er s\u00edbreytileg upplifun sem kemur \u00e1 \u00f3vart, vekur upp undrun, gle\u00f0ur og gefur gestum alltaf \u00e1st\u00e6\u00f0u til a\u00f0 sn\u00faa aftur til nj\u00f3ta enn frekar.<\/p>\t\t\t\t\t\t\t\t<\/div>\n\t\t\t\t<\/div>\n\t\t\t\t<div class=\"elementor-element elementor-element-27ccfd0 animated-slow elementor-widget-tablet__width-initial elementor-invisible elementor-widget elementor-widget-heading\" data-id=\"27ccfd0\" data-element_type=\"widget\" data-e-type=\"widget\" data-settings=\"{&quot;_animation&quot;:&quot;fadeInDown&quot;,&quot;_animation_delay&quot;:100}\" data-widget_type=\"heading.default\">\n\t\t\t\t<div class=\"elementor-widget-container\">\n\t\t\t\t\t<h2 class=\"elementor-heading-title elementor-size-default\">B\u00d3KANIR OPNA S\u00cd\u00d0AR<\/h2>\t\t\t\t<\/div>\n\t\t\t\t<\/div>\n\t\t\t\t<div class=\"elementor-element elementor-element-04f2405 elementor-widget-mobile__width-initial elementor-widget__width-initial animated-slow elementor-invisible elementor-widget elementor-widget-text-editor\" data-id=\"04f2405\" data-element_type=\"widget\" data-e-type=\"widget\" data-settings=\"{&quot;_animation&quot;:&quot;fadeInDown&quot;}\" data-widget_type=\"text-editor.default\">\n\t\t\t\t<div class=\"elementor-widget-container\">\n\t\t\t\t\t\t\t\t\t<p>Skr\u00e1\u00f0u \u00feig \u00e1 p\u00f3stlistann okkar til a\u00f0 fylgjast me\u00f0.<\/p>\t\t\t\t\t\t\t\t<\/div>\n\t\t\t\t<\/div>\n\t\t\t\t<div class=\"elementor-element elementor-element-5985f26 elementor-align-center elementor-mobile-align-center elementor-widget elementor-widget-button\" data-id=\"5985f26\" data-element_type=\"widget\" data-e-type=\"widget\" data-widget_type=\"button.default\">\n\t\t\t\t<div class=\"elementor-widget-container\">\n\t\t\t\t\t\t\t\t\t<div class=\"elementor-button-wrapper\">\n\t\t\t\t\t<a class=\"elementor-button elementor-button-link elementor-size-sm elementor-animation-float\" href=\"#elementor-action%3Aaction%3Dpopup%3Aopen%26settings%3DeyJpZCI6MTgxOCwidG9nZ2xlIjpmYWxzZX0%3D\" target=\"_blank\">\n\t\t\t\t\t\t<span class=\"elementor-button-content-wrapper\">\n\t\t\t\t\t\t\t\t\t<span class=\"elementor-button-text\">P\u00d3STLISTI<\/span>\n\t\t\t\t\t<\/span>\n\t\t\t\t\t<\/a>\n\t\t\t\t<\/div>\n\t\t\t\t\t\t\t\t<\/div>\n\t\t\t\t<\/div>\n\t\t\t\t<\/div>\n\t\t\t\t\t<\/div>\n\t\t\t\t<\/div>\n\t\t<div class=\"elementor-element elementor-element-aea378d e-con-full e-flex e-con e-parent\" data-id=\"aea378d\" data-element_type=\"container\" data-e-type=\"container\">\n\t\t\t\t<div class=\"elementor-element elementor-element-477c676 elementor-widget elementor-widget-gallery\" data-id=\"477c676\" data-element_type=\"widget\" data-e-type=\"widget\" data-settings=\"{&quot;columns&quot;:2,&quot;gap&quot;:{&quot;unit&quot;:&quot;px&quot;,&quot;size&quot;:1,&quot;sizes&quot;:[]},&quot;gap_mobile&quot;:{&quot;unit&quot;:&quot;px&quot;,&quot;size&quot;:1,&quot;sizes&quot;:[]},&quot;aspect_ratio&quot;:&quot;21:9&quot;,&quot;gap_tablet&quot;:{&quot;unit&quot;:&quot;px&quot;,&quot;size&quot;:1,&quot;sizes&quot;:[]},&quot;gallery_layout&quot;:&quot;grid&quot;,&quot;columns_tablet&quot;:2,&quot;columns_mobile&quot;:1,&quot;link_to&quot;:&quot;file&quot;,&quot;overlay_background&quot;:&quot;yes&quot;,&quot;content_hover_animation&quot;:&quot;fade-in&quot;}\" data-widget_type=\"gallery.default\">\n\t\t\t\t<div class=\"elementor-widget-container\">\n\t\t\t\t\t\t\t<div class=\"elementor-gallery__container\">\n\t\t\t\t\t\t\t<a class=\"e-gallery-item elementor-gallery-item elementor-animated-content\" href=\"https:\/\/skaldhotel.is\/wp-content\/uploads\/2026\/02\/Hotel-Skald_Hilton_Curio_Restaurant_02_Scene_01.jpg\" data-elementor-open-lightbox=\"yes\" data-elementor-lightbox-slideshow=\"477c676\" data-elementor-lightbox-title=\"Hotel-Sk\u00e1ld_Hilton_Curio_Restaurant_02_Scene_01\" data-e-action-hash=\"#elementor-action%3Aaction%3Dlightbox%26settings%3DeyJpZCI6MTY4MCwidXJsIjoiaHR0cHM6XC9cL3NrYWxkaG90ZWwuaXNcL3dwLWNvbnRlbnRcL3VwbG9hZHNcLzIwMjZcLzAyXC9Ib3RlbC1Ta2FsZF9IaWx0b25fQ3VyaW9fUmVzdGF1cmFudF8wMl9TY2VuZV8wMS5qcGciLCJzbGlkZXNob3ciOiI0NzdjNjc2In0%3D\">\n\t\t\t\t\t<div class=\"e-gallery-image elementor-gallery-item__image\" data-thumbnail=\"https:\/\/skaldhotel.is\/wp-content\/uploads\/2026\/02\/Hotel-Skald_Hilton_Curio_Restaurant_02_Scene_01.jpg\" data-width=\"2500\" data-height=\"892\" aria-label=\"\" role=\"img\" ><\/div>\n\t\t\t\t\t\t\t\t\t\t\t<div class=\"elementor-gallery-item__overlay\"><\/div>\n\t\t\t\t\t\t\t\t\t\t\t\t\t\t<\/a>\n\t\t\t\t\t\t\t<a class=\"e-gallery-item elementor-gallery-item elementor-animated-content\" href=\"https:\/\/skaldhotel.is\/wp-content\/uploads\/2026\/02\/Hotel-Skald_Hilton_Curio_Restaurant_02_Scene_08.jpg\" data-elementor-open-lightbox=\"yes\" data-elementor-lightbox-slideshow=\"477c676\" data-elementor-lightbox-title=\"Hotel-Sk\u00e1ld_Hilton_Curio_Restaurant_02_Scene_08\" data-e-action-hash=\"#elementor-action%3Aaction%3Dlightbox%26settings%3DeyJpZCI6MTY3OSwidXJsIjoiaHR0cHM6XC9cL3NrYWxkaG90ZWwuaXNcL3dwLWNvbnRlbnRcL3VwbG9hZHNcLzIwMjZcLzAyXC9Ib3RlbC1Ta2FsZF9IaWx0b25fQ3VyaW9fUmVzdGF1cmFudF8wMl9TY2VuZV8wOC5qcGciLCJzbGlkZXNob3ciOiI0NzdjNjc2In0%3D\">\n\t\t\t\t\t<div class=\"e-gallery-image elementor-gallery-item__image\" data-thumbnail=\"https:\/\/skaldhotel.is\/wp-content\/uploads\/2026\/02\/Hotel-Skald_Hilton_Curio_Restaurant_02_Scene_08.jpg\" data-width=\"2500\" data-height=\"892\" aria-label=\"\" role=\"img\" ><\/div>\n\t\t\t\t\t\t\t\t\t\t\t<div class=\"elementor-gallery-item__overlay\"><\/div>\n\t\t\t\t\t\t\t\t\t\t\t\t\t\t<\/a>\n\t\t\t\t\t\t\t<a class=\"e-gallery-item elementor-gallery-item elementor-animated-content\" href=\"https:\/\/skaldhotel.is\/wp-content\/uploads\/2026\/02\/Hotel-Skald_Hilton_Curio_Restaurant_02_Scene_06.jpg\" data-elementor-open-lightbox=\"yes\" data-elementor-lightbox-slideshow=\"477c676\" data-elementor-lightbox-title=\"Hotel-Sk\u00e1ld_Hilton_Curio_Restaurant_02_Scene_06\" data-e-action-hash=\"#elementor-action%3Aaction%3Dlightbox%26settings%3DeyJpZCI6MTY4MSwidXJsIjoiaHR0cHM6XC9cL3NrYWxkaG90ZWwuaXNcL3dwLWNvbnRlbnRcL3VwbG9hZHNcLzIwMjZcLzAyXC9Ib3RlbC1Ta2FsZF9IaWx0b25fQ3VyaW9fUmVzdGF1cmFudF8wMl9TY2VuZV8wNi5qcGciLCJzbGlkZXNob3ciOiI0NzdjNjc2In0%3D\">\n\t\t\t\t\t<div class=\"e-gallery-image elementor-gallery-item__image\" data-thumbnail=\"https:\/\/skaldhotel.is\/wp-content\/uploads\/2026\/02\/Hotel-Skald_Hilton_Curio_Restaurant_02_Scene_06.jpg\" data-width=\"2500\" data-height=\"892\" aria-label=\"\" role=\"img\" ><\/div>\n\t\t\t\t\t\t\t\t\t\t\t<div class=\"elementor-gallery-item__overlay\"><\/div>\n\t\t\t\t\t\t\t\t\t\t\t\t\t\t<\/a>\n\t\t\t\t\t\t\t<a class=\"e-gallery-item elementor-gallery-item elementor-animated-content\" href=\"https:\/\/skaldhotel.is\/wp-content\/uploads\/2026\/02\/Hotel-Skald_Hilton_Curio_Restaurant_02_Scene_05.jpg\" data-elementor-open-lightbox=\"yes\" data-elementor-lightbox-slideshow=\"477c676\" data-elementor-lightbox-title=\"Hotel-Sk\u00e1ld_Hilton_Curio_Restaurant_02_Scene_05\" data-e-action-hash=\"#elementor-action%3Aaction%3Dlightbox%26settings%3DeyJpZCI6MTY4MiwidXJsIjoiaHR0cHM6XC9cL3NrYWxkaG90ZWwuaXNcL3dwLWNvbnRlbnRcL3VwbG9hZHNcLzIwMjZcLzAyXC9Ib3RlbC1Ta2FsZF9IaWx0b25fQ3VyaW9fUmVzdGF1cmFudF8wMl9TY2VuZV8wNS5qcGciLCJzbGlkZXNob3ciOiI0NzdjNjc2In0%3D\">\n\t\t\t\t\t<div class=\"e-gallery-image elementor-gallery-item__image\" data-thumbnail=\"https:\/\/skaldhotel.is\/wp-content\/uploads\/2026\/02\/Hotel-Skald_Hilton_Curio_Restaurant_02_Scene_05.jpg\" data-width=\"2500\" data-height=\"892\" aria-label=\"\" role=\"img\" ><\/div>\n\t\t\t\t\t\t\t\t\t\t\t<div class=\"elementor-gallery-item__overlay\"><\/div>\n\t\t\t\t\t\t\t\t\t\t\t\t\t\t<\/a>\n\t\t\t\t\t<\/div>\n\t\t\t\t\t<\/div>\n\t\t\t\t<\/div>\n\t\t\t\t<\/div>\n\t\t<div class=\"elementor-element elementor-element-692aa95 e-con-full e-flex e-con e-parent\" data-id=\"692aa95\" data-element_type=\"container\" data-e-type=\"container\">\n\t\t<div class=\"elementor-element elementor-element-f68aad3 e-con-full e-flex e-con e-child\" data-id=\"f68aad3\" data-element_type=\"container\" data-e-type=\"container\" data-settings=\"{&quot;background_background&quot;:&quot;classic&quot;}\">\n\t\t<div class=\"elementor-element elementor-element-fb884d2 e-con-full e-flex e-con e-child\" data-id=\"fb884d2\" data-element_type=\"container\" data-e-type=\"container\">\n\t\t\t\t<div class=\"elementor-element elementor-element-6bde311 animated-slow elementor-widget-tablet__width-initial elementor-invisible elementor-widget elementor-widget-heading\" data-id=\"6bde311\" data-element_type=\"widget\" data-e-type=\"widget\" data-settings=\"{&quot;_animation&quot;:&quot;fadeInDown&quot;,&quot;_animation_delay&quot;:100}\" data-widget_type=\"heading.default\">\n\t\t\t\t<div class=\"elementor-widget-container\">\n\t\t\t\t\t<h1 class=\"elementor-heading-title elementor-size-default\">M\u00c1 BJ\u00d3\u00d0A \u00de\u00c9R A\u00d0 SKO\u00d0A:<\/h1>\t\t\t\t<\/div>\n\t\t\t\t<\/div>\n\t\t\t\t<div class=\"elementor-element elementor-element-76b1181 animated-slow elementor-invisible elementor-widget elementor-widget-heading\" data-id=\"76b1181\" data-element_type=\"widget\" data-e-type=\"widget\" data-settings=\"{&quot;_animation&quot;:&quot;fadeInDown&quot;}\" data-widget_type=\"heading.default\">\n\t\t\t\t<div class=\"elementor-widget-container\">\n\t\t\t\t\t<h1 class=\"elementor-heading-title elementor-size-default\">FUNDARHERBERGI<\/h1>\t\t\t\t<\/div>\n\t\t\t\t<\/div>\n\t\t\t\t<div class=\"elementor-element elementor-element-7676c50 elementor-invisible elementor-widget elementor-widget-button\" data-id=\"7676c50\" data-element_type=\"widget\" data-e-type=\"widget\" data-settings=\"{&quot;_animation&quot;:&quot;fadeInUp&quot;,&quot;_animation_delay&quot;:100}\" data-widget_type=\"button.default\">\n\t\t\t\t<div class=\"elementor-widget-container\">\n\t\t\t\t\t\t\t\t\t<div class=\"elementor-button-wrapper\">\n\t\t\t\t\t<a class=\"elementor-button elementor-button-link elementor-size-sm elementor-animation-float\" href=\"https:\/\/skaldhotel.is\/is\/fundarherbergi\/\">\n\t\t\t\t\t\t<span class=\"elementor-button-content-wrapper\">\n\t\t\t\t\t\t\t\t\t<span class=\"elementor-button-text\">Sj\u00e1 meira<\/span>\n\t\t\t\t\t<\/span>\n\t\t\t\t\t<\/a>\n\t\t\t\t<\/div>\n\t\t\t\t\t\t\t\t<\/div>\n\t\t\t\t<\/div>\n\t\t\t\t<\/div>\n\t\t\t\t<\/div>\n\t\t\t\t<\/div>\n\t\t<div class=\"elementor-element elementor-element-cda0639 e-con-full e-flex e-con e-parent\" data-id=\"cda0639\" data-element_type=\"container\" data-e-type=\"container\">\n\t\t<div class=\"elementor-element elementor-element-b038160 e-con-full e-flex e-con e-child\" data-id=\"b038160\" data-element_type=\"container\" data-e-type=\"container\" data-settings=\"{&quot;background_background&quot;:&quot;classic&quot;}\">\n\t\t<div class=\"elementor-element elementor-element-7d5e3ac e-con-full e-flex e-con e-child\" data-id=\"7d5e3ac\" data-element_type=\"container\" data-e-type=\"container\">\n\t\t\t\t<div class=\"elementor-element elementor-element-599a70e animated-slow elementor-widget-tablet__width-initial elementor-invisible elementor-widget elementor-widget-heading\" data-id=\"599a70e\" data-element_type=\"widget\" data-e-type=\"widget\" data-settings=\"{&quot;_animation&quot;:&quot;fadeInDown&quot;,&quot;_animation_delay&quot;:100}\" data-widget_type=\"heading.default\">\n\t\t\t\t<div class=\"elementor-widget-container\">\n\t\t\t\t\t<h1 class=\"elementor-heading-title elementor-size-default\">M\u00c1 BJ\u00d3\u00d0A \u00de\u00c9R A\u00d0 SKO\u00d0A:<\/h1>\t\t\t\t<\/div>\n\t\t\t\t<\/div>\n\t\t\t\t<div class=\"elementor-element elementor-element-b88bc7b animated-slow elementor-invisible elementor-widget elementor-widget-heading\" data-id=\"b88bc7b\" data-element_type=\"widget\" data-e-type=\"widget\" data-settings=\"{&quot;_animation&quot;:&quot;fadeInDown&quot;}\" data-widget_type=\"heading.default\">\n\t\t\t\t<div class=\"elementor-widget-container\">\n\t\t\t\t\t<h1 class=\"elementor-heading-title elementor-size-default\">BARINN<\/h1>\t\t\t\t<\/div>\n\t\t\t\t<\/div>\n\t\t\t\t<div class=\"elementor-element elementor-element-ed0abed elementor-invisible elementor-widget elementor-widget-button\" data-id=\"ed0abed\" data-element_type=\"widget\" data-e-type=\"widget\" data-settings=\"{&quot;_animation&quot;:&quot;fadeInUp&quot;,&quot;_animation_delay&quot;:100}\" data-widget_type=\"button.default\">\n\t\t\t\t<div class=\"elementor-widget-container\">\n\t\t\t\t\t\t\t\t\t<div class=\"elementor-button-wrapper\">\n\t\t\t\t\t<a class=\"elementor-button elementor-button-link elementor-size-sm elementor-animation-float\" href=\"https:\/\/skaldhotel.is\/is\/barinn\/\">\n\t\t\t\t\t\t<span class=\"elementor-button-content-wrapper\">\n\t\t\t\t\t\t\t\t\t<span class=\"elementor-button-text\">Sj\u00e1 meira<\/span>\n\t\t\t\t\t<\/span>\n\t\t\t\t\t<\/a>\n\t\t\t\t<\/div>\n\t\t\t\t\t\t\t\t<\/div>\n\t\t\t\t<\/div>\n\t\t\t\t<\/div>\n\t\t\t\t<\/div>\n\t\t\t\t<\/div>\n\t\t\t\t<\/div>\n\t\t","protected":false},"excerpt":{"rendered":"<p>veitingasta\u00f0ur \u00c1 Abba-labba-l\u00e1 st\u00edga lj\u00f3\u00f0in inn \u00ed eldh\u00fasi\u00f0 HVER M\u00c1LT\u00cd\u00d0 ER AUGNABLIK \u00cd EINL\u00c6GRI N\u00c6RVERU OG NAUTN \u00c1 Abba-labba-l\u00e1 st\u00edga lj\u00f3\u00f0in inn \u00ed eldh\u00fasi\u00f0, en nafni\u00f0 \u00e1 veitingasta\u00f0num er fengi\u00f0 fr\u00e1 kv\u00e6\u00f0i eins \u00e1sts\u00e6lasta lj\u00f3\u00f0sk\u00e1lds \u00cdslendinga, Dav\u00ed\u00f0s Stef\u00e1nssonar fr\u00e1 Fagrask\u00f3gi. Innbl\u00e1sin af frelsi \u00edslenskra b\u00f3kmennta leggur matarger\u00f0in \u00e1herslu \u00e1 forvitni, \u00edmyndunarafl og sj\u00e1lfs\u00f6ryggi. Hver r\u00e9ttur [&hellip;]<\/p>\n","protected":false},"author":2,"featured_media":0,"parent":0,"menu_order":0,"comment_status":"closed","ping_status":"closed","template":"","meta":{"_acf_changed":false,"footnotes":""},"class_list":["post-1685","page","type-page","status-publish","hentry"],"acf":[],"_links":{"self":[{"href":"https:\/\/skaldhotel.is\/is\/wp-json\/wp\/v2\/pages\/1685","targetHints":{"allow":["GET"]}}],"collection":[{"href":"https:\/\/skaldhotel.is\/is\/wp-json\/wp\/v2\/pages"}],"about":[{"href":"https:\/\/skaldhotel.is\/is\/wp-json\/wp\/v2\/types\/page"}],"author":[{"embeddable":true,"href":"https:\/\/skaldhotel.is\/is\/wp-json\/wp\/v2\/users\/2"}],"replies":[{"embeddable":true,"href":"https:\/\/skaldhotel.is\/is\/wp-json\/wp\/v2\/comments?post=1685"}],"version-history":[{"count":10,"href":"https:\/\/skaldhotel.is\/is\/wp-json\/wp\/v2\/pages\/1685\/revisions"}],"predecessor-version":[{"id":1929,"href":"https:\/\/skaldhotel.is\/is\/wp-json\/wp\/v2\/pages\/1685\/revisions\/1929"}],"wp:attachment":[{"href":"https:\/\/skaldhotel.is\/is\/wp-json\/wp\/v2\/media?parent=1685"}],"curies":[{"name":"wp","href":"https:\/\/api.w.org\/{rel}","templated":true}]}}