{"id":1660,"date":"2026-02-16T14:56:41","date_gmt":"2026-02-16T14:56:41","guid":{"rendered":"https:\/\/skaldhotel.is\/rooms\/deluxe-room\/"},"modified":"2026-05-01T14:23:44","modified_gmt":"2026-05-01T14:23:44","slug":"deluxe-herbergi","status":"publish","type":"page","link":"https:\/\/skaldhotel.is\/is\/herbergi\/deluxe-herbergi\/","title":{"rendered":"Deluxe herbergi"},"content":{"rendered":"\t\t<div data-elementor-type=\"wp-page\" data-elementor-id=\"1660\" class=\"elementor elementor-1660 elementor-469\" data-elementor-post-type=\"page\">\n\t\t\t\t<div class=\"elementor-element elementor-element-7976a13 e-con-full e-flex elementor-invisible e-con e-parent\" data-id=\"7976a13\" data-element_type=\"container\" data-e-type=\"container\" data-settings=\"{&quot;background_background&quot;:&quot;classic&quot;,&quot;background_motion_fx_motion_fx_scrolling&quot;:&quot;yes&quot;,&quot;animation&quot;:&quot;fadeIn&quot;,&quot;background_motion_fx_devices&quot;:[&quot;desktop&quot;,&quot;tablet&quot;,&quot;mobile&quot;]}\">\n\t\t<div class=\"elementor-element elementor-element-f198930 e-flex e-con-boxed e-con e-child\" data-id=\"f198930\" data-element_type=\"container\" data-e-type=\"container\">\n\t\t\t\t\t<div class=\"e-con-inner\">\n\t\t\t\t<div class=\"elementor-element elementor-element-0c6cd09 animated-slow elementor-invisible elementor-widget elementor-widget-button\" data-id=\"0c6cd09\" data-element_type=\"widget\" data-e-type=\"widget\" data-settings=\"{&quot;_animation&quot;:&quot;fadeInDown&quot;}\" data-widget_type=\"button.default\">\n\t\t\t\t<div class=\"elementor-widget-container\">\n\t\t\t\t\t\t\t\t\t<div class=\"elementor-button-wrapper\">\n\t\t\t\t\t<a class=\"elementor-button elementor-button-link elementor-size-sm elementor-animation-float\" href=\"https:\/\/skaldhotel.is\/is\/herbergi\/\">\n\t\t\t\t\t\t<span class=\"elementor-button-content-wrapper\">\n\t\t\t\t\t\t<span class=\"elementor-button-icon\">\n\t\t\t\t<i aria-hidden=\"true\" class=\"phl phlight-arrow-left\"><\/i>\t\t\t<\/span>\n\t\t\t\t\t\t\t\t\t<span class=\"elementor-button-text\"> Aftur \u00ed \u00f6ll herbergi<\/span>\n\t\t\t\t\t<\/span>\n\t\t\t\t\t<\/a>\n\t\t\t\t<\/div>\n\t\t\t\t\t\t\t\t<\/div>\n\t\t\t\t<\/div>\n\t\t\t\t<div class=\"elementor-element elementor-element-1226d29 animated-slow elementor-invisible elementor-widget elementor-widget-heading\" data-id=\"1226d29\" data-element_type=\"widget\" data-e-type=\"widget\" data-settings=\"{&quot;_animation&quot;:&quot;fadeInDown&quot;}\" data-widget_type=\"heading.default\">\n\t\t\t\t<div class=\"elementor-widget-container\">\n\t\t\t\t\t<h1 class=\"elementor-heading-title elementor-size-default\">Deluxe herbergi <\/h1>\t\t\t\t<\/div>\n\t\t\t\t<\/div>\n\t\t\t\t<div class=\"elementor-element elementor-element-065e0b9 elementor-align-left elementor-mobile-align-center elementor-invisible elementor-widget elementor-widget-button\" data-id=\"065e0b9\" data-element_type=\"widget\" data-e-type=\"widget\" data-settings=\"{&quot;_animation&quot;:&quot;fadeInUp&quot;}\" data-widget_type=\"button.default\">\n\t\t\t\t<div class=\"elementor-widget-container\">\n\t\t\t\t\t\t\t\t\t<div class=\"elementor-button-wrapper\">\n\t\t\t\t\t<a class=\"elementor-button elementor-button-link elementor-size-sm elementor-animation-float\" href=\"https:\/\/www.hilton.com\/en\/hotels\/aeyyaqq-skald-hotel-akureyri\/rooms\/?category=guest\" target=\"_blank\" rel=\"noopener\">\n\t\t\t\t\t\t<span class=\"elementor-button-content-wrapper\">\n\t\t\t\t\t\t\t\t\t<span class=\"elementor-button-text\">B\u00f3ka herbergi<\/span>\n\t\t\t\t\t<\/span>\n\t\t\t\t\t<\/a>\n\t\t\t\t<\/div>\n\t\t\t\t\t\t\t\t<\/div>\n\t\t\t\t<\/div>\n\t\t\t\t\t<\/div>\n\t\t\t\t<\/div>\n\t\t\t\t<\/div>\n\t\t<div class=\"elementor-element elementor-element-aeadecc e-flex e-con-boxed e-con e-parent\" data-id=\"aeadecc\" data-element_type=\"container\" data-e-type=\"container\" data-settings=\"{&quot;background_background&quot;:&quot;classic&quot;}\">\n\t\t\t\t\t<div class=\"e-con-inner\">\n\t\t<div class=\"elementor-element elementor-element-6cfcc7e e-con-full e-flex e-con e-child\" data-id=\"6cfcc7e\" data-element_type=\"container\" data-e-type=\"container\">\n\t\t\t\t<div class=\"elementor-element elementor-element-4e2dbae elementor-widget-tablet__width-initial elementor-widget elementor-widget-heading\" data-id=\"4e2dbae\" data-element_type=\"widget\" data-e-type=\"widget\" data-widget_type=\"heading.default\">\n\t\t\t\t<div class=\"elementor-widget-container\">\n\t\t\t\t\t<h1 class=\"elementor-heading-title elementor-size-default\">Herbergisa\u00f0sta\u00f0a<\/h1>\t\t\t\t<\/div>\n\t\t\t\t<\/div>\n\t\t\t\t<div class=\"elementor-element elementor-element-189434b elementor-align-left elementor-mobile-align-center elementor-widget elementor-widget-button\" data-id=\"189434b\" data-element_type=\"widget\" data-e-type=\"widget\" data-widget_type=\"button.default\">\n\t\t\t\t<div class=\"elementor-widget-container\">\n\t\t\t\t\t\t\t\t\t<div class=\"elementor-button-wrapper\">\n\t\t\t\t\t<a class=\"elementor-button elementor-button-link elementor-size-sm elementor-animation-float\" href=\"https:\/\/www.hilton.com\/en\/hotels\/aeyyaqq-skald-hotel-akureyri\/rooms\/?category=guest\" target=\"_blank\" rel=\"noopener\">\n\t\t\t\t\t\t<span class=\"elementor-button-content-wrapper\">\n\t\t\t\t\t\t\t\t\t<span class=\"elementor-button-text\">B\u00f3ka herbergi<\/span>\n\t\t\t\t\t<\/span>\n\t\t\t\t\t<\/a>\n\t\t\t\t<\/div>\n\t\t\t\t\t\t\t\t<\/div>\n\t\t\t\t<\/div>\n\t\t\t\t<\/div>\n\t\t<div class=\"elementor-element elementor-element-c73ecbe e-con-full e-flex e-con e-child\" data-id=\"c73ecbe\" data-element_type=\"container\" data-e-type=\"container\">\n\t\t\t\t<div class=\"elementor-element elementor-element-ff665e6 animated-slow elementor-invisible elementor-widget elementor-widget-heading\" data-id=\"ff665e6\" data-element_type=\"widget\" data-e-type=\"widget\" data-settings=\"{&quot;_animation&quot;:&quot;fadeInDown&quot;,&quot;_animation_delay&quot;:100}\" data-widget_type=\"heading.default\">\n\t\t\t\t<div class=\"elementor-widget-container\">\n\t\t\t\t\t<h2 class=\"elementor-heading-title elementor-size-default\">Drykkur og veitingar<\/h2>\t\t\t\t<\/div>\n\t\t\t\t<\/div>\n\t\t\t\t<div class=\"elementor-element elementor-element-0317c46 animated-slow elementor-invisible elementor-widget elementor-widget-heading\" data-id=\"0317c46\" data-element_type=\"widget\" data-e-type=\"widget\" data-settings=\"{&quot;_animation&quot;:&quot;fadeInDown&quot;,&quot;_animation_delay&quot;:100}\" data-widget_type=\"heading.default\">\n\t\t\t\t<div class=\"elementor-widget-container\">\n\t\t\t\t\t<h2 class=\"elementor-heading-title elementor-size-default\">vi\u00f0 komu \u00ed bo\u00f0i \u00e1 ver\u00f6nd e\u00f0a bar<\/h2>\t\t\t\t<\/div>\n\t\t\t\t<\/div>\n\t\t\t\t<div class=\"elementor-element elementor-element-6d4acb5 elementor-widget-divider--view-line elementor-widget elementor-widget-divider\" data-id=\"6d4acb5\" data-element_type=\"widget\" data-e-type=\"widget\" data-widget_type=\"divider.default\">\n\t\t\t\t<div class=\"elementor-widget-container\">\n\t\t\t\t\t\t\t<div class=\"elementor-divider\">\n\t\t\t<span class=\"elementor-divider-separator\">\n\t\t\t\t\t\t<\/span>\n\t\t<\/div>\n\t\t\t\t\t\t<\/div>\n\t\t\t\t<\/div>\n\t\t\t\t<div class=\"elementor-element elementor-element-94647e5 animated-slow elementor-invisible elementor-widget elementor-widget-heading\" data-id=\"94647e5\" data-element_type=\"widget\" data-e-type=\"widget\" data-settings=\"{&quot;_animation&quot;:&quot;fadeInDown&quot;,&quot;_animation_delay&quot;:100}\" data-widget_type=\"heading.default\">\n\t\t\t\t<div class=\"elementor-widget-container\">\n\t\t\t\t\t<h2 class=\"elementor-heading-title elementor-size-default\">Ba\u00f0sloppur og innisk\u00f3r<\/h2>\t\t\t\t<\/div>\n\t\t\t\t<\/div>\n\t\t\t\t<div class=\"elementor-element elementor-element-f8303a9 elementor-widget-divider--view-line elementor-widget elementor-widget-divider\" data-id=\"f8303a9\" data-element_type=\"widget\" data-e-type=\"widget\" data-widget_type=\"divider.default\">\n\t\t\t\t<div class=\"elementor-widget-container\">\n\t\t\t\t\t\t\t<div class=\"elementor-divider\">\n\t\t\t<span class=\"elementor-divider-separator\">\n\t\t\t\t\t\t<\/span>\n\t\t<\/div>\n\t\t\t\t\t\t<\/div>\n\t\t\t\t<\/div>\n\t\t\t\t<div class=\"elementor-element elementor-element-7dc3a22 animated-slow elementor-invisible elementor-widget elementor-widget-heading\" data-id=\"7dc3a22\" data-element_type=\"widget\" data-e-type=\"widget\" data-settings=\"{&quot;_animation&quot;:&quot;fadeInDown&quot;,&quot;_animation_delay&quot;:100}\" data-widget_type=\"heading.default\">\n\t\t\t\t<div class=\"elementor-widget-container\">\n\t\t\t\t\t<h2 class=\"elementor-heading-title elementor-size-default\">Skrifbor\u00f0<\/h2>\t\t\t\t<\/div>\n\t\t\t\t<\/div>\n\t\t\t\t<div class=\"elementor-element elementor-element-a20a542 elementor-widget-divider--view-line elementor-widget elementor-widget-divider\" data-id=\"a20a542\" data-element_type=\"widget\" data-e-type=\"widget\" data-widget_type=\"divider.default\">\n\t\t\t\t<div class=\"elementor-widget-container\">\n\t\t\t\t\t\t\t<div class=\"elementor-divider\">\n\t\t\t<span class=\"elementor-divider-separator\">\n\t\t\t\t\t\t<\/span>\n\t\t<\/div>\n\t\t\t\t\t\t<\/div>\n\t\t\t\t<\/div>\n\t\t\t\t<div class=\"elementor-element elementor-element-5ebf890 animated-slow elementor-invisible elementor-widget elementor-widget-heading\" data-id=\"5ebf890\" data-element_type=\"widget\" data-e-type=\"widget\" data-settings=\"{&quot;_animation&quot;:&quot;fadeInDown&quot;,&quot;_animation_delay&quot;:100}\" data-widget_type=\"heading.default\">\n\t\t\t\t<div class=\"elementor-widget-container\">\n\t\t\t\t\t<h2 class=\"elementor-heading-title elementor-size-default\">L\u00edtill \u00edssk\u00e1pur<\/h2>\t\t\t\t<\/div>\n\t\t\t\t<\/div>\n\t\t\t\t<div class=\"elementor-element elementor-element-a5c145b elementor-widget-divider--view-line elementor-widget elementor-widget-divider\" data-id=\"a5c145b\" data-element_type=\"widget\" data-e-type=\"widget\" data-widget_type=\"divider.default\">\n\t\t\t\t<div class=\"elementor-widget-container\">\n\t\t\t\t\t\t\t<div class=\"elementor-divider\">\n\t\t\t<span class=\"elementor-divider-separator\">\n\t\t\t\t\t\t<\/span>\n\t\t<\/div>\n\t\t\t\t\t\t<\/div>\n\t\t\t\t<\/div>\n\t\t\t\t<div class=\"elementor-element elementor-element-f7ab6d1 animated-slow elementor-invisible elementor-widget elementor-widget-heading\" data-id=\"f7ab6d1\" data-element_type=\"widget\" data-e-type=\"widget\" data-settings=\"{&quot;_animation&quot;:&quot;fadeInDown&quot;,&quot;_animation_delay&quot;:100}\" data-widget_type=\"heading.default\">\n\t\t\t\t<div class=\"elementor-widget-container\">\n\t\t\t\t\t<h2 class=\"elementor-heading-title elementor-size-default\">\u00d6ryggish\u00f3lf<\/h2>\t\t\t\t<\/div>\n\t\t\t\t<\/div>\n\t\t\t\t<div class=\"elementor-element elementor-element-ecff503 elementor-widget-divider--view-line elementor-widget elementor-widget-divider\" data-id=\"ecff503\" data-element_type=\"widget\" data-e-type=\"widget\" data-widget_type=\"divider.default\">\n\t\t\t\t<div class=\"elementor-widget-container\">\n\t\t\t\t\t\t\t<div class=\"elementor-divider\">\n\t\t\t<span class=\"elementor-divider-separator\">\n\t\t\t\t\t\t<\/span>\n\t\t<\/div>\n\t\t\t\t\t\t<\/div>\n\t\t\t\t<\/div>\n\t\t\t\t<div class=\"elementor-element elementor-element-3a1806e animated-slow elementor-invisible elementor-widget elementor-widget-heading\" data-id=\"3a1806e\" data-element_type=\"widget\" data-e-type=\"widget\" data-settings=\"{&quot;_animation&quot;:&quot;fadeInDown&quot;,&quot;_animation_delay&quot;:100}\" data-widget_type=\"heading.default\">\n\t\t\t\t<div class=\"elementor-widget-container\">\n\t\t\t\t\t<h2 class=\"elementor-heading-title elementor-size-default\">Kaffi- og te a\u00f0sta\u00f0a<\/h2>\t\t\t\t<\/div>\n\t\t\t\t<\/div>\n\t\t\t\t<\/div>\n\t\t\t\t\t<\/div>\n\t\t\t\t<\/div>\n\t\t<div class=\"elementor-element elementor-element-134bcbc e-con-full e-flex e-con e-parent\" data-id=\"134bcbc\" data-element_type=\"container\" data-e-type=\"container\">\n\t\t\t\t<div class=\"elementor-element elementor-element-0ad710a elementor-widget elementor-widget-gallery\" data-id=\"0ad710a\" data-element_type=\"widget\" data-e-type=\"widget\" data-settings=\"{&quot;columns&quot;:2,&quot;gap&quot;:{&quot;unit&quot;:&quot;px&quot;,&quot;size&quot;:1,&quot;sizes&quot;:[]},&quot;gap_mobile&quot;:{&quot;unit&quot;:&quot;px&quot;,&quot;size&quot;:1,&quot;sizes&quot;:[]},&quot;aspect_ratio&quot;:&quot;21:9&quot;,&quot;gap_tablet&quot;:{&quot;unit&quot;:&quot;px&quot;,&quot;size&quot;:1,&quot;sizes&quot;:[]},&quot;gallery_layout&quot;:&quot;grid&quot;,&quot;columns_tablet&quot;:2,&quot;columns_mobile&quot;:1,&quot;link_to&quot;:&quot;file&quot;,&quot;overlay_background&quot;:&quot;yes&quot;,&quot;content_hover_animation&quot;:&quot;fade-in&quot;}\" data-widget_type=\"gallery.default\">\n\t\t\t\t<div class=\"elementor-widget-container\">\n\t\t\t\t\t\t\t<div class=\"elementor-gallery__container\">\n\t\t\t\t\t\t\t<a class=\"e-gallery-item elementor-gallery-item elementor-animated-content\" href=\"https:\/\/skaldhotel.is\/wp-content\/uploads\/2026\/02\/Hotel-Skald_Hilton_Curio_MUR_309_01_Scene_07A.jpg\" data-elementor-open-lightbox=\"yes\" data-elementor-lightbox-slideshow=\"0ad710a\" data-elementor-lightbox-title=\"Hotel-Sk\u00e1ld_Hilton_Curio_MUR_309_01_Scene_07A\" data-e-action-hash=\"#elementor-action%3Aaction%3Dlightbox%26settings%3DeyJpZCI6MTY1NywidXJsIjoiaHR0cHM6XC9cL3NrYWxkaG90ZWwuaXNcL3dwLWNvbnRlbnRcL3VwbG9hZHNcLzIwMjZcLzAyXC9Ib3RlbC1Ta2FsZF9IaWx0b25fQ3VyaW9fTVVSXzMwOV8wMV9TY2VuZV8wN0EuanBnIiwic2xpZGVzaG93IjoiMGFkNzEwYSJ9\">\n\t\t\t\t\t<div class=\"e-gallery-image elementor-gallery-item__image\" data-thumbnail=\"https:\/\/skaldhotel.is\/wp-content\/uploads\/2026\/02\/Hotel-Skald_Hilton_Curio_MUR_309_01_Scene_07A.jpg\" data-width=\"2500\" data-height=\"880\" aria-label=\"\" role=\"img\" ><\/div>\n\t\t\t\t\t\t\t\t\t\t\t<div class=\"elementor-gallery-item__overlay\"><\/div>\n\t\t\t\t\t\t\t\t\t\t\t\t\t\t<\/a>\n\t\t\t\t\t\t\t<a class=\"e-gallery-item elementor-gallery-item elementor-animated-content\" href=\"https:\/\/skaldhotel.is\/wp-content\/uploads\/2026\/02\/Hotel-Skald_Hilton_Curio_MUR_309_01_Scene_06A.jpg\" data-elementor-open-lightbox=\"yes\" data-elementor-lightbox-slideshow=\"0ad710a\" data-elementor-lightbox-title=\"Hotel-Sk\u00e1ld_Hilton_Curio_MUR_309_01_Scene_06A\" data-e-action-hash=\"#elementor-action%3Aaction%3Dlightbox%26settings%3DeyJpZCI6MTY1OCwidXJsIjoiaHR0cHM6XC9cL3NrYWxkaG90ZWwuaXNcL3dwLWNvbnRlbnRcL3VwbG9hZHNcLzIwMjZcLzAyXC9Ib3RlbC1Ta2FsZF9IaWx0b25fQ3VyaW9fTVVSXzMwOV8wMV9TY2VuZV8wNkEuanBnIiwic2xpZGVzaG93IjoiMGFkNzEwYSJ9\">\n\t\t\t\t\t<div class=\"e-gallery-image elementor-gallery-item__image\" data-thumbnail=\"https:\/\/skaldhotel.is\/wp-content\/uploads\/2026\/02\/Hotel-Skald_Hilton_Curio_MUR_309_01_Scene_06A.jpg\" data-width=\"2500\" data-height=\"880\" aria-label=\"\" role=\"img\" ><\/div>\n\t\t\t\t\t\t\t\t\t\t\t<div class=\"elementor-gallery-item__overlay\"><\/div>\n\t\t\t\t\t\t\t\t\t\t\t\t\t\t<\/a>\n\t\t\t\t\t\t\t<a class=\"e-gallery-item elementor-gallery-item elementor-animated-content\" href=\"https:\/\/skaldhotel.is\/wp-content\/uploads\/2026\/02\/Hotel-Skald_Hilton_Curio_MUR_309_01_Scene_05A.jpg\" data-elementor-open-lightbox=\"yes\" data-elementor-lightbox-slideshow=\"0ad710a\" data-elementor-lightbox-title=\"Hotel-Sk\u00e1ld_Hilton_Curio_MUR_309_01_Scene_05A\" data-e-action-hash=\"#elementor-action%3Aaction%3Dlightbox%26settings%3DeyJpZCI6MTY1NiwidXJsIjoiaHR0cHM6XC9cL3NrYWxkaG90ZWwuaXNcL3dwLWNvbnRlbnRcL3VwbG9hZHNcLzIwMjZcLzAyXC9Ib3RlbC1Ta2FsZF9IaWx0b25fQ3VyaW9fTVVSXzMwOV8wMV9TY2VuZV8wNUEuanBnIiwic2xpZGVzaG93IjoiMGFkNzEwYSJ9\">\n\t\t\t\t\t<div class=\"e-gallery-image elementor-gallery-item__image\" data-thumbnail=\"https:\/\/skaldhotel.is\/wp-content\/uploads\/2026\/02\/Hotel-Skald_Hilton_Curio_MUR_309_01_Scene_05A.jpg\" data-width=\"2500\" data-height=\"880\" aria-label=\"\" role=\"img\" ><\/div>\n\t\t\t\t\t\t\t\t\t\t\t<div class=\"elementor-gallery-item__overlay\"><\/div>\n\t\t\t\t\t\t\t\t\t\t\t\t\t\t<\/a>\n\t\t\t\t\t\t\t<a class=\"e-gallery-item elementor-gallery-item elementor-animated-content\" href=\"https:\/\/skaldhotel.is\/wp-content\/uploads\/2026\/02\/Hotel-Skald_Hilton_Curio_MUR_309_01_Scene_02A.jpg\" data-elementor-open-lightbox=\"yes\" data-elementor-lightbox-slideshow=\"0ad710a\" data-elementor-lightbox-title=\"Hotel Sk\u00e1ld_Hilton_Curio_MUR_309_01_Scene_02A\" data-e-action-hash=\"#elementor-action%3Aaction%3Dlightbox%26settings%3DeyJpZCI6MTY1OSwidXJsIjoiaHR0cHM6XC9cL3NrYWxkaG90ZWwuaXNcL3dwLWNvbnRlbnRcL3VwbG9hZHNcLzIwMjZcLzAyXC9Ib3RlbC1Ta2FsZF9IaWx0b25fQ3VyaW9fTVVSXzMwOV8wMV9TY2VuZV8wMkEuanBnIiwic2xpZGVzaG93IjoiMGFkNzEwYSJ9\">\n\t\t\t\t\t<div class=\"e-gallery-image elementor-gallery-item__image\" data-thumbnail=\"https:\/\/skaldhotel.is\/wp-content\/uploads\/2026\/02\/Hotel-Skald_Hilton_Curio_MUR_309_01_Scene_02A.jpg\" data-width=\"2500\" data-height=\"880\" aria-label=\"\" role=\"img\" ><\/div>\n\t\t\t\t\t\t\t\t\t\t\t<div class=\"elementor-gallery-item__overlay\"><\/div>\n\t\t\t\t\t\t\t\t\t\t\t\t\t\t<\/a>\n\t\t\t\t\t<\/div>\n\t\t\t\t\t<\/div>\n\t\t\t\t<\/div>\n\t\t\t\t<\/div>\n\t\t\t\t<\/div>\n\t\t","protected":false},"excerpt":{"rendered":"<p>Aftur \u00ed \u00f6ll herbergi Deluxe herbergi B\u00f3ka herbergi Herbergisa\u00f0sta\u00f0a B\u00f3ka herbergi Drykkur og veitingar vi\u00f0 komu \u00ed bo\u00f0i \u00e1 ver\u00f6nd e\u00f0a bar Ba\u00f0sloppur og innisk\u00f3r Skrifbor\u00f0 L\u00edtill \u00edssk\u00e1pur \u00d6ryggish\u00f3lf Kaffi- og te a\u00f0sta\u00f0a<\/p>\n","protected":false},"author":2,"featured_media":0,"parent":1615,"menu_order":0,"comment_status":"closed","ping_status":"closed","template":"","meta":{"_acf_changed":false,"footnotes":""},"class_list":["post-1660","page","type-page","status-publish","hentry"],"acf":[],"_links":{"self":[{"href":"https:\/\/skaldhotel.is\/is\/wp-json\/wp\/v2\/pages\/1660","targetHints":{"allow":["GET"]}}],"collection":[{"href":"https:\/\/skaldhotel.is\/is\/wp-json\/wp\/v2\/pages"}],"about":[{"href":"https:\/\/skaldhotel.is\/is\/wp-json\/wp\/v2\/types\/page"}],"author":[{"embeddable":true,"href":"https:\/\/skaldhotel.is\/is\/wp-json\/wp\/v2\/users\/2"}],"replies":[{"embeddable":true,"href":"https:\/\/skaldhotel.is\/is\/wp-json\/wp\/v2\/comments?post=1660"}],"version-history":[{"count":8,"href":"https:\/\/skaldhotel.is\/is\/wp-json\/wp\/v2\/pages\/1660\/revisions"}],"predecessor-version":[{"id":1914,"href":"https:\/\/skaldhotel.is\/is\/wp-json\/wp\/v2\/pages\/1660\/revisions\/1914"}],"up":[{"embeddable":true,"href":"https:\/\/skaldhotel.is\/is\/wp-json\/wp\/v2\/pages\/1615"}],"wp:attachment":[{"href":"https:\/\/skaldhotel.is\/is\/wp-json\/wp\/v2\/media?parent=1660"}],"curies":[{"name":"wp","href":"https:\/\/api.w.org\/{rel}","templated":true}]}}